{"id":434,"date":"2016-09-05T11:18:17","date_gmt":"2016-09-05T11:18:17","guid":{"rendered":"\/?page_id=434"},"modified":"2024-01-24T16:45:31","modified_gmt":"2024-01-24T15:45:31","slug":"clube-de-xadrez","status":"publish","type":"page","link":"https:\/\/www.aeirmaospassos.pt\/?page_id=434","title":{"rendered":"Clube de Xadrez"},"content":{"rendered":"<p class=\"p1\"><span class=\"s1\"><b><img loading=\"lazy\" decoding=\"async\" class=\"wp-image-869 alignright\" src=\"http:\/\/www.aeirmaospassos.pt\/wp-content\/uploads\/2016\/09\/xm-e1571754659428.png\" alt=\"Xeque-Mat\" width=\"225\" height=\"347\" \/><\/b><\/span><\/p>\n<p><span id=\"page3R_mcid10\" class=\"markedContent\"><span dir=\"ltr\" role=\"presentation\">Caro aluno\/a<\/span> <\/span><span id=\"page3R_mcid11\" class=\"markedContent\"><br role=\"presentation\" \/><\/span><span id=\"page3R_mcid12\" class=\"markedContent\"><br role=\"presentation\" \/><span dir=\"ltr\" role=\"presentation\">As Escolas B\u00e1sicas Irm\u00e3os Passos e de Custoias d\u00e3o<\/span><span dir=\"ltr\" role=\"presentation\">&#8211;<\/span><span dir=\"ltr\" role=\"presentation\">te a oportunidade de aprenderes um dos jogos mais <\/span><br role=\"presentation\" \/><span dir=\"ltr\" role=\"presentation\">divertidos do mundo.<\/span> <\/span><span id=\"page3R_mcid13\" class=\"markedContent\"><br role=\"presentation\" \/><\/span><span id=\"page3R_mcid14\" class=\"markedContent\"><br role=\"presentation\" \/><span dir=\"ltr\" role=\"presentation\">Porqu\u00ea <\/span><span dir=\"ltr\" role=\"presentation\">vires aprender a jogar xadrez?<\/span> <\/span><span id=\"page3R_mcid15\" class=\"markedContent\"><\/span><span id=\"page3R_mcid16\" class=\"markedContent\"><br role=\"presentation\" \/><span dir=\"ltr\" role=\"presentation\">\u00c9 cultura. \u00c9 um jogo que existe h\u00e1 mil\u00e9nios e que est\u00e1 espalhado por v\u00e1rias culturas;<\/span> <\/span><span id=\"page3R_mcid17\" class=\"markedContent\"><\/span><span id=\"page3R_mcid18\" class=\"markedContent\"><br role=\"presentation\" \/><span dir=\"ltr\" role=\"presentation\">Tem uma base matem\u00e1tica (da\u00ed o nome do nosso clube);<\/span> <\/span><span id=\"page3R_mcid19\" class=\"markedContent\"><\/span><span id=\"page3R_mcid20\" class=\"markedContent\"><br role=\"presentation\" \/><span dir=\"ltr\" role=\"presentation\">Estimula a aten\u00e7\u00e3o, a concentra\u00e7\u00e3o, o racioc\u00ednio l\u00f3gico, capacidades que te poder\u00e3o<\/span> <span dir=\"ltr\" role=\"presentation\">ajudar a <\/span><br role=\"presentation\" \/><span dir=\"ltr\" role=\"presentation\">tornares<\/span><span dir=\"ltr\" role=\"presentation\">&#8211;<\/span><span dir=\"ltr\" role=\"presentation\">te um craque na escola;<\/span> <\/span><span id=\"page3R_mcid21\" class=\"markedContent\"><\/span><span id=\"page3R_mcid22\" class=\"markedContent\"><br role=\"presentation\" \/><span dir=\"ltr\" role=\"presentation\">\u00c9 um bom local para fazer amigos.<\/span> <\/span><span id=\"page3R_mcid23\" class=\"markedContent\"><br role=\"presentation\" \/><\/span><strong><span id=\"page3R_mcid24\" class=\"markedContent\"><br role=\"presentation\" \/><\/span>Hor\u00e1rio de funcionamento<\/strong><\/p>\n<p>O clube de xadrez funciona durante dois tempos semanais, um na Escola B\u00e1sica de Custoias e outro na Escola B\u00e1sica Irm\u00e3os Passos, nas respetivas bibliotecas, a saber:<\/p>\n<p><strong>&#8211; 3\u00aafeiras, das 14.15h \u00e0s 15.05h, na EB Custoias<\/strong><\/p>\n<p><strong>&#8211; 5\u00aafeiras, das 14.15h \u00e0s 15.05h, na EB Irm\u00e3os Passos<\/strong><\/p>\n<p><span id=\"page3R_mcid29\" class=\"markedContent\"><span dir=\"ltr\" role=\"presentation\">Se <\/span><span dir=\"ltr\" role=\"presentation\">estiveres interessad<\/span><span dir=\"ltr\" role=\"presentation\">o(a)<\/span> <span dir=\"ltr\" role=\"presentation\">em aprender xadrez, o teu Encarregado de Educa\u00e7\u00e3o deve preencher e assinar a <\/span><br role=\"presentation\" \/><span dir=\"ltr\" role=\"presentation\">ficha de inscri\u00e7\u00e3o (<span style=\"color: #0000ff;\"><a style=\"color: #0000ff;\" href=\"http:\/\/www.aeirmaospassos.pt\/wp-content\/uploads\/2024\/01\/Ficha-de-Inscricao-Clube-de-Xadrez.docx\">Ficha de Inscri\u00e7\u00e3o &#8211; Clube de Xadrez<\/a><\/span>) e enviar a mesma para:<\/span> <\/span><span id=\"page3R_mcid30\" class=\"markedContent\"> <\/span><span id=\"page3R_mcid31\" class=\"markedContent\"><br role=\"presentation\" \/><span dir=\"ltr\" role=\"presentation\">ruivieira@aeip.pt<\/span><\/span><span id=\"page3R_mcid32\" class=\"markedContent\"> <\/span><span id=\"page3R_mcid33\" class=\"markedContent\"><span dir=\"ltr\" role=\"presentation\">ou <\/span><\/span><span id=\"page3R_mcid34\" class=\"markedContent\"><span dir=\"ltr\" role=\"presentation\">entregar ao<\/span> <span dir=\"ltr\" role=\"presentation\">teu <\/span><span dir=\"ltr\" role=\"presentation\">Diretor de Turma<\/span><span dir=\"ltr\" role=\"presentation\">.<\/span> <\/span><span id=\"page3R_mcid35\" class=\"markedContent\"><br role=\"presentation\" \/><\/span><span id=\"page3R_mcid36\" class=\"markedContent\"><span dir=\"ltr\" role=\"presentation\">.<\/span> <\/span><span id=\"page3R_mcid37\" class=\"markedContent\"><br role=\"presentation\" \/><span dir=\"ltr\" role=\"presentation\">No final do ano letivo haver\u00e1 <\/span><span dir=\"ltr\" role=\"presentation\">Pr\u00e9mios<\/span> <span dir=\"ltr\" role=\"presentation\">para todos os participantes ass\u00edduos e pontuais.<\/span><\/span><\/p>\n<p>&nbsp;<\/p>\n<p style=\"text-align: right;\"><span class=\"s1\"><b>Coordena\u00e7\u00e3o: <\/b>Prof. <\/span><span class=\"s2\">Rui Vieira<\/span><\/p>\n","protected":false},"excerpt":{"rendered":"<p>Caro aluno\/a As Escolas B\u00e1sicas Irm\u00e3os Passos e de Custoias d\u00e3o&#8211;te a oportunidade de aprenderes um dos jogos mais divertidos do mundo. Porqu\u00ea vires aprender a jogar xadrez? \u00c9 cultura. \u00c9 um jogo que existe h\u00e1 mil\u00e9nios e que est\u00e1&#8230;<\/p>\n","protected":false},"author":1,"featured_media":0,"parent":30,"menu_order":0,"comment_status":"closed","ping_status":"closed","template":"","meta":{"footnotes":""},"class_list":["post-434","page","type-page","status-publish","hentry"],"_links":{"self":[{"href":"https:\/\/www.aeirmaospassos.pt\/index.php?rest_route=\/wp\/v2\/pages\/434","targetHints":{"allow":["GET"]}}],"collection":[{"href":"https:\/\/www.aeirmaospassos.pt\/index.php?rest_route=\/wp\/v2\/pages"}],"about":[{"href":"https:\/\/www.aeirmaospassos.pt\/index.php?rest_route=\/wp\/v2\/types\/page"}],"author":[{"embeddable":true,"href":"https:\/\/www.aeirmaospassos.pt\/index.php?rest_route=\/wp\/v2\/users\/1"}],"replies":[{"embeddable":true,"href":"https:\/\/www.aeirmaospassos.pt\/index.php?rest_route=%2Fwp%2Fv2%2Fcomments&post=434"}],"version-history":[{"count":12,"href":"https:\/\/www.aeirmaospassos.pt\/index.php?rest_route=\/wp\/v2\/pages\/434\/revisions"}],"predecessor-version":[{"id":5425,"href":"https:\/\/www.aeirmaospassos.pt\/index.php?rest_route=\/wp\/v2\/pages\/434\/revisions\/5425"}],"up":[{"embeddable":true,"href":"https:\/\/www.aeirmaospassos.pt\/index.php?rest_route=\/wp\/v2\/pages\/30"}],"wp:attachment":[{"href":"https:\/\/www.aeirmaospassos.pt\/index.php?rest_route=%2Fwp%2Fv2%2Fmedia&parent=434"}],"curies":[{"name":"wp","href":"https:\/\/api.w.org\/{rel}","templated":true}]}}