{"id":426,"date":"2016-09-05T11:16:26","date_gmt":"2016-09-05T11:16:26","guid":{"rendered":"\/?page_id=426"},"modified":"2021-10-25T18:50:49","modified_gmt":"2021-10-25T17:50:49","slug":"decojovem","status":"publish","type":"page","link":"https:\/\/www.aeirmaospassos.pt\/?page_id=426","title":{"rendered":"Ateli\u00ea de Origami"},"content":{"rendered":"<p><img loading=\"lazy\" decoding=\"async\" class=\"alignnone wp-image-4540\" src=\"http:\/\/www.aeirmaospassos.pt\/wp-content\/uploads\/2021\/10\/a-300x169.jpg\" alt=\"\" width=\"668\" height=\"376\" srcset=\"https:\/\/www.aeirmaospassos.pt\/wp-content\/uploads\/2021\/10\/a-300x169.jpg 300w, https:\/\/www.aeirmaospassos.pt\/wp-content\/uploads\/2021\/10\/a-1024x576.jpg 1024w, https:\/\/www.aeirmaospassos.pt\/wp-content\/uploads\/2021\/10\/a-768x432.jpg 768w, https:\/\/www.aeirmaospassos.pt\/wp-content\/uploads\/2021\/10\/a.jpg 1375w\" sizes=\"auto, (max-width: 668px) 100vw, 668px\" \/><\/p>\n<p><strong>Descri\u00e7\u00e3o<\/strong><\/p>\n<p>O Origami \u00e9 uma arte milenar, com origem na Corte Imperial Japonesa. \u00c9 uma t\u00e9cnica que atrav\u00e9s do movimento das m\u00e3os sobre o papel, o transforma atrav\u00e9s de dobragens, dando origem a novas formas.<\/p>\n<p>O Ateli\u00ea de Origami pretende promover experi\u00eancias pr\u00e1ticas de conhecimento da t\u00e9cnica de Origami, no \u00e2mbito da express\u00e3o art\u00edstica. Pretende tamb\u00e9m fomentar intera\u00e7\u00f5es sociais positivas durante os tempos livres de alunos, contribuindo para um ambiente escolar saud\u00e1vel.<\/p>\n<p><strong>\u00a0<\/strong><strong>Objetivos<\/strong><\/p>\n<p>&#8211; Divulgar o\u00a0Origami\u00a0numa perspetiva da sua utiliza\u00e7\u00e3o em contexto escolar.<\/p>\n<p>&#8211; Promover atividades criativas de constru\u00e7\u00e3o de objetos em Origami.<\/p>\n<p>&#8211; Desenvolver atividades criativas de reutiliza\u00e7\u00e3o do papel com vista \u00e0 produ\u00e7\u00e3o art\u00edstica.<\/p>\n<p>-Desenvolver compet\u00eancias na \u00e1rea das artes, geometria e da matem\u00e1tica (visualiza\u00e7\u00e3o, imagina\u00e7\u00e3o, criatividade, coordena\u00e7\u00e3o visual-motora, racioc\u00ednio, etc.).<\/p>\n<p>&#8211; Fortalecer a paci\u00eancia, a persist\u00eancia,\u00a0e a capacidade de concentra\u00e7\u00e3o.<\/p>\n<p>&#8211; Promover a integra\u00e7\u00e3o e troca de experi\u00eancias entre os participantes.<\/p>\n<p>&#8211; Estimular atitudes e comportamentos de respeito pelo outro, de responsabilidade e de participa\u00e7\u00e3o.<\/p>\n<p>&#8211; Estimular o prazer por aprender.<\/p>\n<p><strong>Hor\u00e1rio<\/strong><\/p>\n<p>Quarta-feira: <strong>12h35 \u00e0s 14h15<\/strong><\/p>\n<p>Sala: N1<\/p>\n<p><strong>Coordenadora<\/strong><\/p>\n<p>Professora Ana Florentino, grupo 240, Educa\u00e7\u00e3o Visual e Educa\u00e7\u00e3o Tecnol\u00f3gica.<\/p>\n<p>&nbsp;<\/p>\n","protected":false},"excerpt":{"rendered":"<p>Descri\u00e7\u00e3o O Origami \u00e9 uma arte milenar, com origem na Corte Imperial Japonesa. \u00c9 uma t\u00e9cnica que atrav\u00e9s do movimento das m\u00e3os sobre o papel, o transforma atrav\u00e9s de dobragens, dando origem a novas formas. O Ateli\u00ea de Origami pretende&#8230;<\/p>\n","protected":false},"author":1,"featured_media":0,"parent":30,"menu_order":0,"comment_status":"closed","ping_status":"closed","template":"","meta":{"footnotes":""},"class_list":["post-426","page","type-page","status-publish","hentry"],"_links":{"self":[{"href":"https:\/\/www.aeirmaospassos.pt\/index.php?rest_route=\/wp\/v2\/pages\/426","targetHints":{"allow":["GET"]}}],"collection":[{"href":"https:\/\/www.aeirmaospassos.pt\/index.php?rest_route=\/wp\/v2\/pages"}],"about":[{"href":"https:\/\/www.aeirmaospassos.pt\/index.php?rest_route=\/wp\/v2\/types\/page"}],"author":[{"embeddable":true,"href":"https:\/\/www.aeirmaospassos.pt\/index.php?rest_route=\/wp\/v2\/users\/1"}],"replies":[{"embeddable":true,"href":"https:\/\/www.aeirmaospassos.pt\/index.php?rest_route=%2Fwp%2Fv2%2Fcomments&post=426"}],"version-history":[{"count":14,"href":"https:\/\/www.aeirmaospassos.pt\/index.php?rest_route=\/wp\/v2\/pages\/426\/revisions"}],"predecessor-version":[{"id":4544,"href":"https:\/\/www.aeirmaospassos.pt\/index.php?rest_route=\/wp\/v2\/pages\/426\/revisions\/4544"}],"up":[{"embeddable":true,"href":"https:\/\/www.aeirmaospassos.pt\/index.php?rest_route=\/wp\/v2\/pages\/30"}],"wp:attachment":[{"href":"https:\/\/www.aeirmaospassos.pt\/index.php?rest_route=%2Fwp%2Fv2%2Fmedia&parent=426"}],"curies":[{"name":"wp","href":"https:\/\/api.w.org\/{rel}","templated":true}]}}