{"id":419,"date":"2016-09-05T11:15:02","date_gmt":"2016-09-05T11:15:02","guid":{"rendered":"\/?page_id=419"},"modified":"2018-02-27T23:42:48","modified_gmt":"2018-02-27T22:42:48","slug":"eco-escolas","status":"publish","type":"page","link":"https:\/\/www.aeirmaospassos.pt\/?page_id=419","title":{"rendered":"Eco-Escolas"},"content":{"rendered":"<p><a href=\"http:\/\/ecoescolas.abae.pt\/\" target=\"_blank\"><img loading=\"lazy\" decoding=\"async\" class=\"wp-image-846 alignleft\" src=\"wp-content\/uploads\/2016\/09\/logo_eco-escolas.jpg\" alt=\"Eco-Escolas\" width=\"207\" height=\"185\" srcset=\"https:\/\/www.aeirmaospassos.pt\/wp-content\/uploads\/2016\/09\/logo_eco-escolas.jpg 543w, https:\/\/www.aeirmaospassos.pt\/wp-content\/uploads\/2016\/09\/logo_eco-escolas-300x267.jpg 300w\" sizes=\"auto, (max-width: 207px) 100vw, 207px\" \/><\/a><\/p>\n<p class=\"p1\"><span class=\"s1\">Eco Escolas \u00e9 um Programa Internacional desenvolvido em Portugal, que pretende encorajar a\u00e7\u00f5es e reconhecer o trabalho de qualidade desenvolvido pela escola, no \u00e2mbito da Educa\u00e7\u00e3o Ambiental e\/ou Educa\u00e7\u00e3o para o Desenvolvimento Sustent\u00e1vel.<\/span><\/p>\n<p class=\"p1\"><span class=\"s1\"><strong>Temas a desenvolver:<\/strong> \u00c1gua, Res\u00edduos, Energia, Mobilidade Sustent\u00e1vel, Biodiversidade.<\/span><\/p>\n<p>&nbsp;<\/p>\n<p class=\"p3\"><span class=\"s1\"><b>Coordena\u00e7\u00e3o:\u00a0<\/b><\/span><span class=\"s1\">Prof\u00aa Lourdes Carneiro e\u00a0<\/span><span class=\"s1\">Prof\u00aa S\u00f3nia Freire<\/span><\/p>\n","protected":false},"excerpt":{"rendered":"<p>Eco Escolas \u00e9 um Programa Internacional desenvolvido em Portugal, que pretende encorajar a\u00e7\u00f5es e reconhecer o trabalho de qualidade desenvolvido pela escola, no \u00e2mbito da Educa\u00e7\u00e3o Ambiental e\/ou Educa\u00e7\u00e3o para o Desenvolvimento Sustent\u00e1vel. Temas a desenvolver: \u00c1gua, Res\u00edduos, Energia, Mobilidade&#8230;<\/p>\n","protected":false},"author":1,"featured_media":0,"parent":30,"menu_order":0,"comment_status":"closed","ping_status":"closed","template":"","meta":{"footnotes":""},"class_list":["post-419","page","type-page","status-publish","hentry"],"_links":{"self":[{"href":"https:\/\/www.aeirmaospassos.pt\/index.php?rest_route=\/wp\/v2\/pages\/419","targetHints":{"allow":["GET"]}}],"collection":[{"href":"https:\/\/www.aeirmaospassos.pt\/index.php?rest_route=\/wp\/v2\/pages"}],"about":[{"href":"https:\/\/www.aeirmaospassos.pt\/index.php?rest_route=\/wp\/v2\/types\/page"}],"author":[{"embeddable":true,"href":"https:\/\/www.aeirmaospassos.pt\/index.php?rest_route=\/wp\/v2\/users\/1"}],"replies":[{"embeddable":true,"href":"https:\/\/www.aeirmaospassos.pt\/index.php?rest_route=%2Fwp%2Fv2%2Fcomments&post=419"}],"version-history":[{"count":7,"href":"https:\/\/www.aeirmaospassos.pt\/index.php?rest_route=\/wp\/v2\/pages\/419\/revisions"}],"predecessor-version":[{"id":2408,"href":"https:\/\/www.aeirmaospassos.pt\/index.php?rest_route=\/wp\/v2\/pages\/419\/revisions\/2408"}],"up":[{"embeddable":true,"href":"https:\/\/www.aeirmaospassos.pt\/index.php?rest_route=\/wp\/v2\/pages\/30"}],"wp:attachment":[{"href":"https:\/\/www.aeirmaospassos.pt\/index.php?rest_route=%2Fwp%2Fv2%2Fmedia&parent=419"}],"curies":[{"name":"wp","href":"https:\/\/api.w.org\/{rel}","templated":true}]}}