{"id":417,"date":"2016-09-05T11:14:52","date_gmt":"2016-09-05T11:14:52","guid":{"rendered":"\/?page_id=417"},"modified":"2023-11-24T13:22:40","modified_gmt":"2023-11-24T12:22:40","slug":"desporto-escolar-2","status":"publish","type":"page","link":"https:\/\/www.aeirmaospassos.pt\/?page_id=417","title":{"rendered":"Desporto Escolar"},"content":{"rendered":"<div class=\"alignbottom\"><img loading=\"lazy\" decoding=\"async\" class=\" wp-image-838 alignleft\" src=\"wp-content\/uploads\/2016\/09\/de.png\" alt=\"Desporto Escolar\" width=\"112\" height=\"127\" \/><\/div>\n<p><span class=\"s1\">O Desporto Escolar tem por miss\u00e3o proporcionar o acesso \u00e0 pr\u00e1tica desportiva regular e de qualidade, contribuindo para a promo\u00e7\u00e3o do sucesso escolar dos alunos, dos estilos de vida saud\u00e1veis, de valores e princ\u00edpios associados a uma cidadania ativa.<\/span><\/p>\n<p>LINK: <a href=\"https:\/\/desportoescolar.dge.mec.pt\/\"><span style=\"color: #0000ff;\">https:\/\/desportoescolar.dge.mec.pt\/<\/span><\/a><\/p>\n<p>&nbsp;<\/p>\n<p><img loading=\"lazy\" decoding=\"async\" class=\" wp-image-5377 alignleft\" src=\"http:\/\/www.aeirmaospassos.pt\/wp-content\/uploads\/2023\/11\/Desporto-Escolar-2-212x300.png\" alt=\"\" width=\"465\" height=\"659\" srcset=\"https:\/\/www.aeirmaospassos.pt\/wp-content\/uploads\/2023\/11\/Desporto-Escolar-2-212x300.png 212w, https:\/\/www.aeirmaospassos.pt\/wp-content\/uploads\/2023\/11\/Desporto-Escolar-2-724x1024.png 724w, https:\/\/www.aeirmaospassos.pt\/wp-content\/uploads\/2023\/11\/Desporto-Escolar-2-768x1086.png 768w, https:\/\/www.aeirmaospassos.pt\/wp-content\/uploads\/2023\/11\/Desporto-Escolar-2-1086x1536.png 1086w, https:\/\/www.aeirmaospassos.pt\/wp-content\/uploads\/2023\/11\/Desporto-Escolar-2.png 1414w\" sizes=\"auto, (max-width: 465px) 100vw, 465px\" \/><\/p>\n<p><img loading=\"lazy\" decoding=\"async\" class=\" wp-image-5376 alignleft\" src=\"http:\/\/www.aeirmaospassos.pt\/wp-content\/uploads\/2023\/11\/Desporto-Escolar-1-212x300.png\" alt=\"\" width=\"467\" height=\"660\" srcset=\"https:\/\/www.aeirmaospassos.pt\/wp-content\/uploads\/2023\/11\/Desporto-Escolar-1-212x300.png 212w, https:\/\/www.aeirmaospassos.pt\/wp-content\/uploads\/2023\/11\/Desporto-Escolar-1-724x1024.png 724w, https:\/\/www.aeirmaospassos.pt\/wp-content\/uploads\/2023\/11\/Desporto-Escolar-1-768x1086.png 768w, https:\/\/www.aeirmaospassos.pt\/wp-content\/uploads\/2023\/11\/Desporto-Escolar-1-1086x1536.png 1086w, https:\/\/www.aeirmaospassos.pt\/wp-content\/uploads\/2023\/11\/Desporto-Escolar-1.png 1414w\" sizes=\"auto, (max-width: 467px) 100vw, 467px\" \/><\/p>\n<p class=\"p1\"><span class=\"s1\">\u00a0<\/span><\/p>\n","protected":false},"excerpt":{"rendered":"<p>O Desporto Escolar tem por miss\u00e3o proporcionar o acesso \u00e0 pr\u00e1tica desportiva regular e de qualidade, contribuindo para a promo\u00e7\u00e3o do sucesso escolar dos alunos, dos estilos de vida saud\u00e1veis, de valores e princ\u00edpios associados a uma cidadania ativa. LINK:&#8230;<\/p>\n","protected":false},"author":1,"featured_media":0,"parent":30,"menu_order":0,"comment_status":"closed","ping_status":"closed","template":"","meta":{"footnotes":""},"class_list":["post-417","page","type-page","status-publish","hentry"],"_links":{"self":[{"href":"https:\/\/www.aeirmaospassos.pt\/index.php?rest_route=\/wp\/v2\/pages\/417","targetHints":{"allow":["GET"]}}],"collection":[{"href":"https:\/\/www.aeirmaospassos.pt\/index.php?rest_route=\/wp\/v2\/pages"}],"about":[{"href":"https:\/\/www.aeirmaospassos.pt\/index.php?rest_route=\/wp\/v2\/types\/page"}],"author":[{"embeddable":true,"href":"https:\/\/www.aeirmaospassos.pt\/index.php?rest_route=\/wp\/v2\/users\/1"}],"replies":[{"embeddable":true,"href":"https:\/\/www.aeirmaospassos.pt\/index.php?rest_route=%2Fwp%2Fv2%2Fcomments&post=417"}],"version-history":[{"count":20,"href":"https:\/\/www.aeirmaospassos.pt\/index.php?rest_route=\/wp\/v2\/pages\/417\/revisions"}],"predecessor-version":[{"id":5391,"href":"https:\/\/www.aeirmaospassos.pt\/index.php?rest_route=\/wp\/v2\/pages\/417\/revisions\/5391"}],"up":[{"embeddable":true,"href":"https:\/\/www.aeirmaospassos.pt\/index.php?rest_route=\/wp\/v2\/pages\/30"}],"wp:attachment":[{"href":"https:\/\/www.aeirmaospassos.pt\/index.php?rest_route=%2Fwp%2Fv2%2Fmedia&parent=417"}],"curies":[{"name":"wp","href":"https:\/\/api.w.org\/{rel}","templated":true}]}}