{"id":412,"date":"2016-09-05T11:12:54","date_gmt":"2016-09-05T11:12:54","guid":{"rendered":"\/?page_id=412"},"modified":"2025-03-06T12:59:30","modified_gmt":"2025-03-06T11:59:30","slug":"desporto-escolar","status":"publish","type":"page","link":"https:\/\/www.aeirmaospassos.pt\/?page_id=412","title":{"rendered":"Plano de preven\u00e7\u00e3o de riscos de corrup\u00e7\u00e3o e infra\u00e7\u00f5es conexas"},"content":{"rendered":"<div>Consulte o Plano <span style=\"color: #0000ff;\"><strong><a style=\"color: #0000ff;\" href=\"http:\/\/www.aeirmaospassos.pt\/wp-content\/uploads\/2025\/02\/Plano-de-prevencao-de-riscos.pdf\">AQUI<\/a><\/strong><\/span><\/div>\n<div><\/div>\n<div>\n<header class=\"entry-header\">\n<h1 class=\"entry-title\">Canal de Den\u00fancia<\/h1>\n<\/header>\n<div class=\"entry-content\">\n<p>Em cumprimento do previsto no\u00a0<a class=\"mtli_attachment mtli_pdf\" href=\"https:\/\/files.dre.pt\/1s\/2021\/12\/23701\/0001900042.pdf\"><strong>Decreto-Lei n.\u00ba 109-E\/2021, de 9 de dezembro<\/strong><\/a>, que cria o Mecanismo Nacional Anticorrup\u00e7\u00e3o (MENAC) e estabelece o Regime Geral de Preven\u00e7\u00e3o da Corrup\u00e7\u00e3o (RGPC) e na\u00a0<a class=\"mtli_attachment mtli_pdf\" href=\"https:\/\/files.dre.pt\/1s\/2021\/12\/24400\/0000300015.pdf\"><strong>Lei n.\u00ba 93\/2021, de 20 de dezembro<\/strong><\/a>, que aprovou o Regime Geral de Prote\u00e7\u00e3o de Denunciantes de Infra\u00e7\u00f5es relativa \u00e0 prote\u00e7\u00e3o das pessoas, o Agrupamento de Escola da Lous\u00e3 (AEL) \u00a0<strong>assegura a disponibiliza\u00e7\u00e3o de um Canal de Den\u00fancias<\/strong>.<\/p>\n<p>Este Canal permite a apresenta\u00e7\u00e3o de den\u00fancias de presum\u00edveis atos de corrup\u00e7\u00e3o e\/ou infra\u00e7\u00f5es conexas, supostamente, cometidos por trabalhadores, docentes ou n\u00e3o docentes, que exercem fun\u00e7\u00f5es no Agrupamento.<\/p>\n<p>Todos\/as os\/as utilizadores\/as deste canal est\u00e3o protegidos\/as por lei, proibindo qualquer tipo de retalia\u00e7\u00e3o, assegurando o anonimato (quando desejado) e\/ou a confidencialidade. A seguran\u00e7a da informa\u00e7\u00e3o partilhada \u00e9 garantida e s\u00f3 as pessoas exclusivamente designadas pelo diretor do Agrupamento, nos termos previstos na lei, ter\u00e3o acesso \u00e0 mesma.<\/p>\n<p>As den\u00fancias devem ser efetuadas de boa-f\u00e9. A utiliza\u00e7\u00e3o indevida e\/ou a presta\u00e7\u00e3o de declara\u00e7\u00f5es falsas \u00e9 grave e compromete o prop\u00f3sito deste canal, podendo resultar em san\u00e7\u00f5es.<\/p>\n<p>Se entender disponibilizar algum dado pessoal que permita a sua identifica\u00e7\u00e3o, poder\u00e1 posteriormente exercer os seus direitos de prote\u00e7\u00e3o de dados.<\/p>\n<p>Link de den\u00fancia <span style=\"color: #0000ff;\"><strong><a style=\"color: #0000ff;\" href=\"https:\/\/forms.gle\/UQsG8pwALiTTrDDR9\">AQUI<\/a><\/strong><\/span><\/p>\n<\/div>\n<p>&nbsp;<\/p>\n<\/div>\n","protected":false},"excerpt":{"rendered":"<p>Consulte o Plano AQUI Canal de Den\u00fancia Em cumprimento do previsto no\u00a0Decreto-Lei n.\u00ba 109-E\/2021, de 9 de dezembro, que cria o Mecanismo Nacional Anticorrup\u00e7\u00e3o (MENAC) e estabelece o Regime Geral de Preven\u00e7\u00e3o da Corrup\u00e7\u00e3o (RGPC) e na\u00a0Lei n.\u00ba 93\/2021, de&#8230;<\/p>\n","protected":false},"author":1,"featured_media":3820,"parent":30,"menu_order":0,"comment_status":"closed","ping_status":"closed","template":"","meta":{"footnotes":""},"class_list":["post-412","page","type-page","status-publish","has-post-thumbnail","hentry"],"_links":{"self":[{"href":"https:\/\/www.aeirmaospassos.pt\/index.php?rest_route=\/wp\/v2\/pages\/412","targetHints":{"allow":["GET"]}}],"collection":[{"href":"https:\/\/www.aeirmaospassos.pt\/index.php?rest_route=\/wp\/v2\/pages"}],"about":[{"href":"https:\/\/www.aeirmaospassos.pt\/index.php?rest_route=\/wp\/v2\/types\/page"}],"author":[{"embeddable":true,"href":"https:\/\/www.aeirmaospassos.pt\/index.php?rest_route=\/wp\/v2\/users\/1"}],"replies":[{"embeddable":true,"href":"https:\/\/www.aeirmaospassos.pt\/index.php?rest_route=%2Fwp%2Fv2%2Fcomments&post=412"}],"version-history":[{"count":23,"href":"https:\/\/www.aeirmaospassos.pt\/index.php?rest_route=\/wp\/v2\/pages\/412\/revisions"}],"predecessor-version":[{"id":5736,"href":"https:\/\/www.aeirmaospassos.pt\/index.php?rest_route=\/wp\/v2\/pages\/412\/revisions\/5736"}],"up":[{"embeddable":true,"href":"https:\/\/www.aeirmaospassos.pt\/index.php?rest_route=\/wp\/v2\/pages\/30"}],"wp:featuredmedia":[{"embeddable":true,"href":"https:\/\/www.aeirmaospassos.pt\/index.php?rest_route=\/wp\/v2\/media\/3820"}],"wp:attachment":[{"href":"https:\/\/www.aeirmaospassos.pt\/index.php?rest_route=%2Fwp%2Fv2%2Fmedia&parent=412"}],"curies":[{"name":"wp","href":"https:\/\/api.w.org\/{rel}","templated":true}]}}