{"id":391,"date":"2016-08-31T15:29:39","date_gmt":"2016-08-31T15:29:39","guid":{"rendered":"\/?page_id=391"},"modified":"2020-02-04T17:07:05","modified_gmt":"2020-02-04T16:07:05","slug":"servicos-de-psicologia-e-orientacao","status":"publish","type":"page","link":"https:\/\/www.aeirmaospassos.pt\/?page_id=391","title":{"rendered":"SIRE \u2013 Servi\u00e7o Integrado de Recursos Especializados"},"content":{"rendered":"<p>A C\u00e2mara Municipal de Matosinhos construiu o Servi\u00e7o Integrado de Recursos Especializados (SIRE), com o objectivo primordial da promo\u00e7\u00e3o do sucesso escolar.<\/p>\n<p>Este servi\u00e7o visa promover percursos educativos eficazes, assente numa din\u00e2mica interdisciplinar de sucesso dos\/as alunos\/as do concelho de Matosinhos, desde a educa\u00e7\u00e3o pr\u00e9-escolar. Atrav\u00e9s de metodologias de interven\u00e7\u00e3o direta e indireta, pretende disponibilizar respostas que v\u00e3o ao encontro das necessidades dos\/as alunos\/as em risco de insucesso e abandono escolar, mas tamb\u00e9m que potenciem o sucesso escolar de todos os alunos\/as. O projeto visa uma interven\u00e7\u00e3o integrada, psicossocial e psicopedag\u00f3gica, articulada com as diferentes dimens\u00f5es que influenciam e contribuem para o sucesso escolar, nomeadamente para o desenvolvimento, bem-estar e aprendizagem dos\/as alunos\/as, fam\u00edlias e restante comunidade escolar.<\/p>\n<p>O SIRE abrange v\u00e1rias \u00e1reas de atua\u00e7\u00e3o:<\/p>\n<ul>\n<li>Apoio psicol\u00f3gico\/psicopedag\u00f3gico*<\/li>\n<li>Apoio ao desenvolvimento de sistemas de rela\u00e7\u00f5es da comunidade educativa*<\/li>\n<li>Orienta\u00e7\u00e3o para a carreira*<\/li>\n<li>Projetos \u201cA Ler Vamos\u2026\u201d e Matiga &#8211; Tem como objetivo a avalia\u00e7\u00e3o e interven\u00e7\u00e3o nas compet\u00eancias de literacia emergente e matem\u00e1ticas junto das crian\u00e7as de 5 anos. \u00c9 realizada, tamb\u00e9m, interven\u00e7\u00e3o no \u00e2mbito das dificuldades de leitura e escrita com alunos do 1\u00ba CEB. Contempla, ainda, a articula\u00e7\u00e3o com Encarregados de Educa\u00e7\u00e3o, o encaminhamento para servi\u00e7os alternativos e a consultadoria e forma\u00e7\u00e3o a Educadores e Professores.<\/li>\n<\/ul>\n<p><strong>*<\/strong>Estas a\u00e7\u00f5es poder\u00e3o ter um cariz individual, de grupo e\/ou de consultadoria junto de alunos(as), docentes pais\/encarregados(as) de educa\u00e7\u00e3o. O pedido de interven\u00e7\u00e3o do SIRE \u00e9 efetuado nos Servi\u00e7os de Administra\u00e7\u00e3o Escolar atrav\u00e9s de preenchimento de formul\u00e1rio pr\u00f3prio.<\/p>\n","protected":false},"excerpt":{"rendered":"<p>A C\u00e2mara Municipal de Matosinhos construiu o Servi\u00e7o Integrado de Recursos Especializados (SIRE), com o objectivo primordial da promo\u00e7\u00e3o do sucesso escolar. Este servi\u00e7o visa promover percursos educativos eficazes, assente numa din\u00e2mica interdisciplinar de sucesso dos\/as alunos\/as do concelho de&#8230;<\/p>\n","protected":false},"author":1,"featured_media":0,"parent":0,"menu_order":0,"comment_status":"closed","ping_status":"closed","template":"","meta":{"footnotes":""},"class_list":["post-391","page","type-page","status-publish","hentry"],"_links":{"self":[{"href":"https:\/\/www.aeirmaospassos.pt\/index.php?rest_route=\/wp\/v2\/pages\/391","targetHints":{"allow":["GET"]}}],"collection":[{"href":"https:\/\/www.aeirmaospassos.pt\/index.php?rest_route=\/wp\/v2\/pages"}],"about":[{"href":"https:\/\/www.aeirmaospassos.pt\/index.php?rest_route=\/wp\/v2\/types\/page"}],"author":[{"embeddable":true,"href":"https:\/\/www.aeirmaospassos.pt\/index.php?rest_route=\/wp\/v2\/users\/1"}],"replies":[{"embeddable":true,"href":"https:\/\/www.aeirmaospassos.pt\/index.php?rest_route=%2Fwp%2Fv2%2Fcomments&post=391"}],"version-history":[{"count":7,"href":"https:\/\/www.aeirmaospassos.pt\/index.php?rest_route=\/wp\/v2\/pages\/391\/revisions"}],"predecessor-version":[{"id":3408,"href":"https:\/\/www.aeirmaospassos.pt\/index.php?rest_route=\/wp\/v2\/pages\/391\/revisions\/3408"}],"wp:attachment":[{"href":"https:\/\/www.aeirmaospassos.pt\/index.php?rest_route=%2Fwp%2Fv2%2Fmedia&parent=391"}],"curies":[{"name":"wp","href":"https:\/\/api.w.org\/{rel}","templated":true}]}}