{"id":389,"date":"2016-08-31T15:29:21","date_gmt":"2016-08-31T15:29:21","guid":{"rendered":"\/?page_id=389"},"modified":"2023-05-18T15:48:12","modified_gmt":"2023-05-18T14:48:12","slug":"educacao-especial","status":"publish","type":"page","link":"https:\/\/www.aeirmaospassos.pt\/?page_id=389","title":{"rendered":"Provas | Treino de ambienta\u00e7\u00e3o gr\u00e1fica"},"content":{"rendered":"<p>link para:<\/p>\n<p><span style=\"text-decoration: underline;\"><span style=\"color: #0000ff;\"><strong><a style=\"color: #0000ff; text-decoration: underline;\" href=\"https:\/\/testes.iave.pt\/publication\/9e959326-bc09-428b-a5e0-da5ada029d2f\">2\u00ba ANO- Matem\u00e1tica e Estudo do Meio (26) | Treino de ambienta\u00e7\u00e3o gr\u00e1fica<\/a><\/strong><\/span><\/span><\/p>\n<p>&nbsp;<\/p>\n<p><a href=\"https:\/\/testes.iave.pt\/publication\/81928cb0-fee2-4b5e-8cfd-f22f6fd7c3a2\"><span style=\"color: #0000ff;\"><strong><span style=\"text-decoration: underline;\">5\u00ba ANO- Portugu\u00eas (55) | Treino de ambienta\u00e7\u00e3o gr\u00e1fica<\/span><\/strong><\/span><\/a><\/p>\n<p>&nbsp;<\/p>\n<p><a href=\"https:\/\/testes.iave.pt\/publication\/68f267de-b801-4da5-b066-3fa32985206f\"><span style=\"text-decoration: underline;\"><strong><span style=\"color: #0000ff; text-decoration: underline;\">8\u00ba ANO- Matem\u00e1tica (86) | Treino de ambienta\u00e7\u00e3o gr\u00e1fica<\/span><\/strong><\/span><\/a><\/p>\n<p>&nbsp;<\/p>\n<p>&nbsp;<\/p>\n<p>&nbsp;<\/p>\n","protected":false},"excerpt":{"rendered":"<p>link para: 2\u00ba ANO- Matem\u00e1tica e Estudo do Meio (26) | Treino de ambienta\u00e7\u00e3o gr\u00e1fica &nbsp; 5\u00ba ANO- Portugu\u00eas (55) | Treino de ambienta\u00e7\u00e3o gr\u00e1fica &nbsp; 8\u00ba ANO- Matem\u00e1tica (86) | Treino de ambienta\u00e7\u00e3o gr\u00e1fica &nbsp; &nbsp; &nbsp;<\/p>\n","protected":false},"author":1,"featured_media":0,"parent":352,"menu_order":0,"comment_status":"closed","ping_status":"closed","template":"","meta":{"footnotes":""},"class_list":["post-389","page","type-page","status-publish","hentry"],"_links":{"self":[{"href":"https:\/\/www.aeirmaospassos.pt\/index.php?rest_route=\/wp\/v2\/pages\/389","targetHints":{"allow":["GET"]}}],"collection":[{"href":"https:\/\/www.aeirmaospassos.pt\/index.php?rest_route=\/wp\/v2\/pages"}],"about":[{"href":"https:\/\/www.aeirmaospassos.pt\/index.php?rest_route=\/wp\/v2\/types\/page"}],"author":[{"embeddable":true,"href":"https:\/\/www.aeirmaospassos.pt\/index.php?rest_route=\/wp\/v2\/users\/1"}],"replies":[{"embeddable":true,"href":"https:\/\/www.aeirmaospassos.pt\/index.php?rest_route=%2Fwp%2Fv2%2Fcomments&post=389"}],"version-history":[{"count":12,"href":"https:\/\/www.aeirmaospassos.pt\/index.php?rest_route=\/wp\/v2\/pages\/389\/revisions"}],"predecessor-version":[{"id":5235,"href":"https:\/\/www.aeirmaospassos.pt\/index.php?rest_route=\/wp\/v2\/pages\/389\/revisions\/5235"}],"up":[{"embeddable":true,"href":"https:\/\/www.aeirmaospassos.pt\/index.php?rest_route=\/wp\/v2\/pages\/352"}],"wp:attachment":[{"href":"https:\/\/www.aeirmaospassos.pt\/index.php?rest_route=%2Fwp%2Fv2%2Fmedia&parent=389"}],"curies":[{"name":"wp","href":"https:\/\/api.w.org\/{rel}","templated":true}]}}