{"id":371,"date":"2016-08-31T15:21:13","date_gmt":"2016-08-31T15:21:13","guid":{"rendered":"\/?page_id=371"},"modified":"2026-02-12T16:25:05","modified_gmt":"2026-02-12T15:25:05","slug":"manuais","status":"publish","type":"page","link":"https:\/\/www.aeirmaospassos.pt\/?page_id=371","title":{"rendered":"PNC &#8211; Plano Nacional do Cinema"},"content":{"rendered":"<p>O AEIP passou a integrar o Plano Nacional de Cinema (PNC) no ano letivo de 2021\/2022- Protocolo Institucional operacionalizado pela Dire\u00e7\u00e3o-Geral da Educa\u00e7\u00e3o (DGE), pelo Instituto do Cinema e do Audiovisual (ICA) e pela Cinemateca Portuguesa-Museu do Cinema (CP-MC).<br \/>\nO nosso objetivo principal \u00e9 fazer chegar a linguagem cinematogr\u00e1fica ao maior n\u00famero poss\u00edvel de alunos de forma a criar a liga\u00e7\u00e3o entre a atualidade e o passado. Queremos tamb\u00e9m sensibilizar para a import\u00e2ncia do cinema como influ\u00eancia ineg\u00e1vel no desenvolvimento de qualquer sociedade. Propomo-nos fazer o aprofundamento, junto da nossa comunidade educativa, da capacidade de interpreta\u00e7\u00e3o de alguns filmes e refletir sobre a sua contribui\u00e7\u00e3o para o nosso desenvolvimento cultural, social e pessoal.<\/p>\n<p>A s\u00e9tima arte \u00e9 tamb\u00e9m patrim\u00f3nio cultural e contribui para uma cidadania ativa, mais participativa e para o desenvolvimento de uma atitude cr\u00edtica e informada.<\/p>\n<p>Para operacionalizar estes objetivos ser\u00e3o promovidas sess\u00f5es de cinema em contexto escolar, garantindo o visionamento de filmes pass\u00edveis de serem estudados a partir de linguagens cinematogr\u00e1ficas e an\u00e1lise f\u00edlmica.<\/p>\n<p>&nbsp;<\/p>\n<p>&nbsp;<\/p>\n","protected":false},"excerpt":{"rendered":"<p>O AEIP passou a integrar o Plano Nacional de Cinema (PNC) no ano letivo de 2021\/2022- Protocolo Institucional operacionalizado pela Dire\u00e7\u00e3o-Geral da Educa\u00e7\u00e3o (DGE), pelo Instituto do Cinema e do Audiovisual (ICA) e pela Cinemateca Portuguesa-Museu do Cinema (CP-MC). O&#8230;<\/p>\n","protected":false},"author":1,"featured_media":4507,"parent":39,"menu_order":0,"comment_status":"closed","ping_status":"closed","template":"","meta":{"footnotes":""},"class_list":["post-371","page","type-page","status-publish","has-post-thumbnail","hentry"],"_links":{"self":[{"href":"https:\/\/www.aeirmaospassos.pt\/index.php?rest_route=\/wp\/v2\/pages\/371","targetHints":{"allow":["GET"]}}],"collection":[{"href":"https:\/\/www.aeirmaospassos.pt\/index.php?rest_route=\/wp\/v2\/pages"}],"about":[{"href":"https:\/\/www.aeirmaospassos.pt\/index.php?rest_route=\/wp\/v2\/types\/page"}],"author":[{"embeddable":true,"href":"https:\/\/www.aeirmaospassos.pt\/index.php?rest_route=\/wp\/v2\/users\/1"}],"replies":[{"embeddable":true,"href":"https:\/\/www.aeirmaospassos.pt\/index.php?rest_route=%2Fwp%2Fv2%2Fcomments&post=371"}],"version-history":[{"count":18,"href":"https:\/\/www.aeirmaospassos.pt\/index.php?rest_route=\/wp\/v2\/pages\/371\/revisions"}],"predecessor-version":[{"id":6056,"href":"https:\/\/www.aeirmaospassos.pt\/index.php?rest_route=\/wp\/v2\/pages\/371\/revisions\/6056"}],"up":[{"embeddable":true,"href":"https:\/\/www.aeirmaospassos.pt\/index.php?rest_route=\/wp\/v2\/pages\/39"}],"wp:featuredmedia":[{"embeddable":true,"href":"https:\/\/www.aeirmaospassos.pt\/index.php?rest_route=\/wp\/v2\/media\/4507"}],"wp:attachment":[{"href":"https:\/\/www.aeirmaospassos.pt\/index.php?rest_route=%2Fwp%2Fv2%2Fmedia&parent=371"}],"curies":[{"name":"wp","href":"https:\/\/api.w.org\/{rel}","templated":true}]}}