{"id":345,"date":"2016-08-31T13:59:43","date_gmt":"2016-08-31T13:59:43","guid":{"rendered":"\/?page_id=345"},"modified":"2025-02-24T11:44:32","modified_gmt":"2025-02-24T10:44:32","slug":"conselho-pedagogico","status":"publish","type":"page","link":"https:\/\/www.aeirmaospassos.pt\/?page_id=345","title":{"rendered":"Conselho Pedag\u00f3gico"},"content":{"rendered":"<p><strong>\u00a0<\/strong><\/p>\n<table style=\"height: 569px;\" width=\"808\">\n<tbody>\n<tr>\n<td><\/td>\n<td width=\"220\">\n<p style=\"text-align: right;\">\n<\/td>\n<\/tr>\n<tr>\n<td><strong>Diretor<\/strong><\/td>\n<td width=\"220\">\n<p style=\"text-align: right;\">Paulo Gaspar<\/p>\n<\/td>\n<\/tr>\n<tr>\n<td><strong>Coordenadora Departamento Educa\u00e7\u00e3o Pr\u00e9-escolar<\/strong><\/td>\n<td width=\"220\">\n<p style=\"text-align: right;\">F\u00e1tima Fonseca<\/p>\n<\/td>\n<\/tr>\n<tr>\n<td><strong>Coordenadora Departamento 1.\u00ba Ciclo<\/strong><\/td>\n<td width=\"220\">\n<p style=\"text-align: right;\">C\u00e2ndida Borges<\/p>\n<\/td>\n<\/tr>\n<tr>\n<td><strong>Coordenadora Departamento L\u00ednguas<\/strong><\/td>\n<td width=\"220\">\n<p style=\"text-align: right;\">Ana Juanico<\/p>\n<\/td>\n<\/tr>\n<tr>\n<td><strong>Coordenadora Departamento Ci\u00eancias Sociais Humanas<\/strong><\/td>\n<td width=\"220\">\n<p style=\"text-align: right;\">Lu\u00edsa Santos<\/p>\n<\/td>\n<\/tr>\n<tr>\n<td><strong>Coordenadora Departamento Matem\u00e1tica Ci\u00eancias Experimentais<\/strong><\/td>\n<td width=\"220\">\n<p style=\"text-align: right;\">S\u00edlvia Duarte<\/p>\n<\/td>\n<\/tr>\n<tr>\n<td><strong>Coordenadora Departamento Express\u00f5es<\/strong><\/td>\n<td width=\"220\">\n<p style=\"text-align: right;\">Eur\u00eddice Silva<\/p>\n<\/td>\n<\/tr>\n<tr>\n<td><strong>Coordenadora EMAEI<\/strong><\/td>\n<td width=\"220\">\n<p style=\"text-align: right;\">Paula Costa<\/p>\n<\/td>\n<\/tr>\n<tr>\n<td><strong>Coordenadora Pedag\u00f3gica 2.\u00ba \/3.\u00ba Ciclo<\/strong><\/td>\n<td width=\"220\">\n<p style=\"text-align: right;\">Sofia Liberal<\/p>\n<\/td>\n<\/tr>\n<tr>\n<td><\/td>\n<td width=\"220\">\n<p style=\"text-align: right;\">\n<\/td>\n<\/tr>\n<\/tbody>\n<\/table>\n","protected":false},"excerpt":{"rendered":"<p>\u00a0 Diretor Paulo Gaspar Coordenadora Departamento Educa\u00e7\u00e3o Pr\u00e9-escolar F\u00e1tima Fonseca Coordenadora Departamento 1.\u00ba Ciclo C\u00e2ndida Borges Coordenadora Departamento L\u00ednguas Ana Juanico Coordenadora Departamento Ci\u00eancias Sociais Humanas Lu\u00edsa Santos Coordenadora Departamento Matem\u00e1tica Ci\u00eancias Experimentais S\u00edlvia Duarte Coordenadora Departamento Express\u00f5es Eur\u00eddice Silva&#8230;<\/p>\n","protected":false},"author":1,"featured_media":0,"parent":2,"menu_order":0,"comment_status":"closed","ping_status":"closed","template":"","meta":{"footnotes":""},"class_list":["post-345","page","type-page","status-publish","hentry"],"_links":{"self":[{"href":"https:\/\/www.aeirmaospassos.pt\/index.php?rest_route=\/wp\/v2\/pages\/345","targetHints":{"allow":["GET"]}}],"collection":[{"href":"https:\/\/www.aeirmaospassos.pt\/index.php?rest_route=\/wp\/v2\/pages"}],"about":[{"href":"https:\/\/www.aeirmaospassos.pt\/index.php?rest_route=\/wp\/v2\/types\/page"}],"author":[{"embeddable":true,"href":"https:\/\/www.aeirmaospassos.pt\/index.php?rest_route=\/wp\/v2\/users\/1"}],"replies":[{"embeddable":true,"href":"https:\/\/www.aeirmaospassos.pt\/index.php?rest_route=%2Fwp%2Fv2%2Fcomments&post=345"}],"version-history":[{"count":13,"href":"https:\/\/www.aeirmaospassos.pt\/index.php?rest_route=\/wp\/v2\/pages\/345\/revisions"}],"predecessor-version":[{"id":5727,"href":"https:\/\/www.aeirmaospassos.pt\/index.php?rest_route=\/wp\/v2\/pages\/345\/revisions\/5727"}],"up":[{"embeddable":true,"href":"https:\/\/www.aeirmaospassos.pt\/index.php?rest_route=\/wp\/v2\/pages\/2"}],"wp:attachment":[{"href":"https:\/\/www.aeirmaospassos.pt\/index.php?rest_route=%2Fwp%2Fv2%2Fmedia&parent=345"}],"curies":[{"name":"wp","href":"https:\/\/api.w.org\/{rel}","templated":true}]}}