{"id":3374,"date":"2020-02-04T12:42:20","date_gmt":"2020-02-04T11:42:20","guid":{"rendered":"http:\/\/www.aeirmaospassos.pt\/?page_id=3374"},"modified":"2024-10-31T17:50:58","modified_gmt":"2024-10-31T16:50:58","slug":"emaei","status":"publish","type":"page","link":"https:\/\/www.aeirmaospassos.pt\/?page_id=3374","title":{"rendered":"EMAEI &#8211; Equipa Multidisciplinar de Apoio \u00e0 Educa\u00e7\u00e3o Inclusiva"},"content":{"rendered":"<p>Em conformidade com o Decreto-lei n.\u00ba 54\/2018, de 6 de julho, alterado pela Lei n.\u00ba 116\/2019 de 13 de setembro por aprecia\u00e7\u00e3o parlamentar, o Agrupamento de Escolas Irm\u00e3os Passos (AEIP) esfor\u00e7a-se para ser uma refer\u00eancia, no que concerne \u00e0 organiza\u00e7\u00e3o das medidas de suporte \u00e0 aprendizagem e \u00e0 inclus\u00e3o para todos\/as os\/as alunos\/as.<\/p>\n<p>No cumprimento das suas fun\u00e7\u00f5es, definidas no diploma supracitado, a Equipa Multidisciplinar de Apoio \u00e0 Educa\u00e7\u00e3o Inclusiva (EMAEI) desenvolveu ao longo dos \u00faltimos anos v\u00e1rias iniciativas que visam promover uma cultura de responsabilidade, envolvimento e participa\u00e7\u00e3o social de todos\/as os\/as intervenientes educativos\/as, e colaborar na promo\u00e7\u00e3o das pol\u00edticas e das a\u00e7\u00f5es inclusivas no contexto do AEIP.<\/p>\n<p>Neste sentido, o AEIP defende uma educa\u00e7\u00e3o e uma escola inclusiva e de qualidade onde todos\/as e cada um\/a dos\/as alunos\/as encontrem respostas para a realiza\u00e7\u00e3o m\u00e1xima do seu potencial.<\/p>\n","protected":false},"excerpt":{"rendered":"<p>Em conformidade com o Decreto-lei n.\u00ba 54\/2018, de 6 de julho, alterado pela Lei n.\u00ba 116\/2019 de 13 de setembro por aprecia\u00e7\u00e3o parlamentar, o Agrupamento de Escolas Irm\u00e3os Passos (AEIP) esfor\u00e7a-se para ser uma refer\u00eancia, no que concerne \u00e0 organiza\u00e7\u00e3o&#8230;<\/p>\n","protected":false},"author":1,"featured_media":0,"parent":0,"menu_order":0,"comment_status":"closed","ping_status":"closed","template":"","meta":{"footnotes":""},"class_list":["post-3374","page","type-page","status-publish","hentry"],"_links":{"self":[{"href":"https:\/\/www.aeirmaospassos.pt\/index.php?rest_route=\/wp\/v2\/pages\/3374","targetHints":{"allow":["GET"]}}],"collection":[{"href":"https:\/\/www.aeirmaospassos.pt\/index.php?rest_route=\/wp\/v2\/pages"}],"about":[{"href":"https:\/\/www.aeirmaospassos.pt\/index.php?rest_route=\/wp\/v2\/types\/page"}],"author":[{"embeddable":true,"href":"https:\/\/www.aeirmaospassos.pt\/index.php?rest_route=\/wp\/v2\/users\/1"}],"replies":[{"embeddable":true,"href":"https:\/\/www.aeirmaospassos.pt\/index.php?rest_route=%2Fwp%2Fv2%2Fcomments&post=3374"}],"version-history":[{"count":9,"href":"https:\/\/www.aeirmaospassos.pt\/index.php?rest_route=\/wp\/v2\/pages\/3374\/revisions"}],"predecessor-version":[{"id":5641,"href":"https:\/\/www.aeirmaospassos.pt\/index.php?rest_route=\/wp\/v2\/pages\/3374\/revisions\/5641"}],"wp:attachment":[{"href":"https:\/\/www.aeirmaospassos.pt\/index.php?rest_route=%2Fwp%2Fv2%2Fmedia&parent=3374"}],"curies":[{"name":"wp","href":"https:\/\/api.w.org\/{rel}","templated":true}]}}