{"id":2236,"date":"2018-01-22T15:54:54","date_gmt":"2018-01-22T14:54:54","guid":{"rendered":"http:\/\/www.aeirmaospassos.pt\/?page_id=2236"},"modified":"2023-10-26T12:03:34","modified_gmt":"2023-10-26T11:03:34","slug":"concursos","status":"publish","type":"page","link":"https:\/\/www.aeirmaospassos.pt\/?page_id=2236","title":{"rendered":"Concursos"},"content":{"rendered":"<div class=\"entry-content\">\n<p><strong>Contrata\u00e7\u00e3o de Escola 2023 -2024<\/strong><\/p>\n<p>Aviso de abertura de concurso:<\/p>\n<p><strong><a href=\"http:\/\/www.aeirmaospassos.pt\/wp-content\/uploads\/2023\/09\/Aviso-de-Abertura-de-Concurso-Horario-36-Grupo-420-4h.pdf\"><span style=\"color: #0000ff;\">Grupo 420<\/span><\/a><\/strong><\/p>\n<\/div>\n<p>consulte a lista de seria\u00e7\u00e3o:<span id=\"more-5351\"><\/span><\/p>\n<p><strong><a href=\"http:\/\/www.aeirmaospassos.pt\/wp-content\/uploads\/2023\/09\/20231006123054467.pdf\"><span style=\"color: #0000ff;\">Lista<\/span><\/a><\/strong><\/p>\n<p><strong>Concurso -T\u00e9cnico Especializado 2023 -2024<\/strong><\/p>\n<p><span style=\"color: #0000ff;\"><strong><a style=\"color: #0000ff;\" href=\"http:\/\/www.aeirmaospassos.pt\/wp-content\/uploads\/2023\/08\/PSICOLOGIA08.pdf\">PSICOLOGIA<\/a> <\/strong><\/span><\/p>\n<p><span style=\"color: #0000ff;\"><strong><a style=\"color: #0000ff;\" href=\"http:\/\/www.aeirmaospassos.pt\/wp-content\/uploads\/2023\/08\/PSICOLOGIA-35.pdf\">PSICOLOGIA<\/a> <\/strong><\/span><\/p>\n<p><span style=\"color: #0000ff;\"><strong><a style=\"color: #0000ff;\" href=\"http:\/\/www.aeirmaospassos.pt\/wp-content\/uploads\/2023\/08\/TERAPIA-OCUPACIONAL.pdf\">TERAPIA OCUPACIONAL<\/a> <\/strong><\/span><\/p>\n<p><a href=\"http:\/\/www.aeirmaospassos.pt\/wp-content\/uploads\/2023\/08\/TERAPIA-FALA.pdf\"><strong><span style=\"color: #0000ff;\">TERAPIA FALA<\/span><\/strong><\/a><\/p>\n<p>Consulte as listas de seria\u00e7\u00e3o:<\/p>\n<p><span style=\"color: #0000ff;\"><strong><a style=\"color: #0000ff;\" href=\"http:\/\/www.aeirmaospassos.pt\/wp-content\/uploads\/2023\/08\/20230906120748807.pdf\">Psicologia(35h)<\/a><\/strong><\/span><\/p>\n<p><span style=\"color: #0000ff;\"><strong><a style=\"color: #0000ff;\" href=\"http:\/\/www.aeirmaospassos.pt\/wp-content\/uploads\/2023\/08\/20230906120735010.pdf\">Psicologia (8h)<\/a><\/strong><\/span><\/p>\n<p><span style=\"color: #0000ff;\"><strong><a style=\"color: #0000ff;\" href=\"http:\/\/www.aeirmaospassos.pt\/wp-content\/uploads\/2023\/08\/20230906120721606.pdf\">Terapia ocupacional<\/a><\/strong><\/span><\/p>\n<p><a href=\"http:\/\/www.aeirmaospassos.pt\/wp-content\/uploads\/2023\/08\/20230906120710131.pdf\"><strong><span style=\"color: #0000ff;\">Terapia da Fala<\/span><\/strong><\/a><\/p>\n<p>Consulte as lista final de seria\u00e7\u00e3o:<\/p>\n<p><span style=\"color: #0000ff;\"><strong><a style=\"color: #0000ff;\" href=\"http:\/\/www.aeirmaospassos.pt\/wp-content\/uploads\/2023\/08\/tf.pdf\">Terapia da Fala<\/a><\/strong><\/span><\/p>\n<p><span style=\"color: #0000ff;\"><a style=\"color: #0000ff;\" href=\"http:\/\/www.aeirmaospassos.pt\/wp-content\/uploads\/2023\/08\/to.pdf\"><strong>Terapia Ocupacional<\/strong><\/a><\/span><\/p>\n<p><strong><a href=\"http:\/\/www.aeirmaospassos.pt\/wp-content\/uploads\/2023\/08\/Lista-Final-Seriacao1.pdf\"><span style=\"color: #0000ff;\">Psicologia<\/span><\/a><\/strong><\/p>\n<p><strong>Concurso -T\u00e9cnico Especializado 2021 -2022<\/strong><\/p>\n<ul>\n<li>Concurso -T\u00e9cnico Especializado:<\/li>\n<\/ul>\n<p><span style=\"color: #0000ff;\"><strong><a style=\"color: #0000ff;\" href=\"http:\/\/www.aeirmaospassos.pt\/wp-content\/uploads\/2022\/01\/ConcursoPSI-21.22.pdf\">Psic\u00f3logo(a)<\/a><\/strong><\/span><\/p>\n<ul>\n<li>Lista final de seria\u00e7\u00e3o:<\/li>\n<\/ul>\n<p><strong><span style=\"color: #0000ff;\"><a style=\"color: #0000ff;\" href=\"http:\/\/www.aeirmaospassos.pt\/wp-content\/uploads\/2022\/01\/lista-psico.pdf\">Psic\u00f3logo(a)<\/a><\/span><\/strong><\/p>\n<p>&nbsp;<\/p>\n<p><strong>Contrata\u00e7\u00e3o de Escola 2020 -2021<\/strong><\/p>\n<ul>\n<li>Docente Grupo:<\/li>\n<\/ul>\n<p><span style=\"color: #0000ff;\"><strong><a style=\"color: #0000ff;\" href=\"http:\/\/www.aeirmaospassos.pt\/wp-content\/uploads\/2021\/05\/contratacao-escola500.pdf\">Grupo 500<\/a><\/strong><\/span><\/p>\n<p><a href=\"http:\/\/www.aeirmaospassos.pt\/wp-content\/uploads\/2021\/03\/GRUPO-290.pdf\"><span style=\"text-decoration: underline;\"><strong><span style=\"color: #0000ff; text-decoration: underline;\">Grupo 290<\/span><\/strong><\/span><\/a><\/p>\n<p><span style=\"text-decoration: underline;\"><strong><a href=\"http:\/\/www.aeirmaospassos.pt\/wp-content\/uploads\/2021\/06\/contratacao-escola260.pdf\"><span style=\"color: #0000ff; text-decoration: underline;\">Grupo 260<\/span><\/a><\/strong><\/span><\/p>\n<ul>\n<li><strong>Lista final de seria\u00e7\u00e3o<\/strong>:<\/li>\n<\/ul>\n<p><a href=\"http:\/\/www.aeirmaospassos.pt\/wp-content\/uploads\/2021\/06\/selec.pdf\"><span style=\"text-decoration: underline;\"><span style=\"color: #0000ff; text-decoration: underline;\"><strong>Grupo 500<\/strong><\/span><\/span><\/a><\/p>\n<p><a href=\"http:\/\/www.aeirmaospassos.pt\/wp-content\/uploads\/2021\/03\/290.pdf\"><span style=\"text-decoration: underline;\"><strong><span style=\"color: #0000ff; text-decoration: underline;\">Grupo 290<\/span><\/strong><\/span><\/a><\/p>\n<p><strong><span style=\"color: #0000ff;\"><a style=\"color: #0000ff;\" href=\"http:\/\/www.aeirmaospassos.pt\/wp-content\/uploads\/2021\/06\/260.pdf\">Grupo 260<\/a><\/span><\/strong><\/p>\n<p><strong>Concurso -T\u00e9cnico Especializado 2020 -2021<\/strong><\/p>\n<ul>\n<li>Lista final de seria\u00e7\u00e3o:<\/li>\n<\/ul>\n<p><span style=\"color: #0000ff;\"><strong><a style=\"color: #0000ff;\" href=\"http:\/\/www.aeirmaospassos.pt\/wp-content\/uploads\/2020\/12\/ordenacao-psico-convertido.pdf\">Psic\u00f3logo(a)<\/a><\/strong><\/span><\/p>\n<p><a href=\"http:\/\/www.aeirmaospassos.pt\/wp-content\/uploads\/2020\/10\/1.pdf\"><span style=\"text-decoration: underline;\"><strong><span style=\"color: #0000ff; text-decoration: underline;\">Educadora Social<\/span><\/strong><\/span><\/a><\/p>\n<p><a href=\"http:\/\/www.aeirmaospassos.pt\/wp-content\/uploads\/2020\/10\/2.pdf\"><strong><span style=\"color: #0000ff;\"><span style=\"text-decoration: underline;\">Assistente Social<\/span><\/span><\/strong><\/a><\/p>\n<ul>\n<li><span style=\"color: #000000;\">Concurso -T\u00e9cnico Especializado:<strong><br \/>\n<\/strong><\/span><\/li>\n<\/ul>\n<p><span style=\"color: #0000ff;\"><strong><a style=\"color: #0000ff;\" href=\"http:\/\/www.aeirmaospassos.pt\/wp-content\/uploads\/2020\/11\/PSI.pdf\">Psic\u00f3logo(a)<\/a><\/strong><\/span><\/p>\n<p><span style=\"color: #0000ff;\"><strong><a style=\"color: #0000ff;\" href=\"http:\/\/www.aeirmaospassos.pt\/wp-content\/uploads\/2020\/09\/ASOCIAL.pdf\">Assistente Social<\/a><\/strong><\/span><\/p>\n<p><strong><span style=\"color: #0000ff;\"><a style=\"color: #0000ff;\" href=\"http:\/\/www.aeirmaospassos.pt\/wp-content\/uploads\/2020\/09\/Esocial.pdf\">Educador Social<\/a><\/span><\/strong><\/p>\n","protected":false},"excerpt":{"rendered":"<p>Contrata\u00e7\u00e3o de Escola 2023 -2024 Aviso de abertura de concurso: Grupo 420 consulte a lista de seria\u00e7\u00e3o: Lista Concurso -T\u00e9cnico Especializado 2023 -2024 PSICOLOGIA PSICOLOGIA TERAPIA OCUPACIONAL TERAPIA FALA Consulte as listas de seria\u00e7\u00e3o: Psicologia(35h) Psicologia (8h) Terapia ocupacional Terapia&#8230;<\/p>\n","protected":false},"author":1,"featured_media":2615,"parent":0,"menu_order":0,"comment_status":"closed","ping_status":"closed","template":"","meta":{"footnotes":""},"class_list":["post-2236","page","type-page","status-publish","has-post-thumbnail","hentry"],"_links":{"self":[{"href":"https:\/\/www.aeirmaospassos.pt\/index.php?rest_route=\/wp\/v2\/pages\/2236","targetHints":{"allow":["GET"]}}],"collection":[{"href":"https:\/\/www.aeirmaospassos.pt\/index.php?rest_route=\/wp\/v2\/pages"}],"about":[{"href":"https:\/\/www.aeirmaospassos.pt\/index.php?rest_route=\/wp\/v2\/types\/page"}],"author":[{"embeddable":true,"href":"https:\/\/www.aeirmaospassos.pt\/index.php?rest_route=\/wp\/v2\/users\/1"}],"replies":[{"embeddable":true,"href":"https:\/\/www.aeirmaospassos.pt\/index.php?rest_route=%2Fwp%2Fv2%2Fcomments&post=2236"}],"version-history":[{"count":30,"href":"https:\/\/www.aeirmaospassos.pt\/index.php?rest_route=\/wp\/v2\/pages\/2236\/revisions"}],"predecessor-version":[{"id":5371,"href":"https:\/\/www.aeirmaospassos.pt\/index.php?rest_route=\/wp\/v2\/pages\/2236\/revisions\/5371"}],"wp:featuredmedia":[{"embeddable":true,"href":"https:\/\/www.aeirmaospassos.pt\/index.php?rest_route=\/wp\/v2\/media\/2615"}],"wp:attachment":[{"href":"https:\/\/www.aeirmaospassos.pt\/index.php?rest_route=%2Fwp%2Fv2%2Fmedia&parent=2236"}],"curies":[{"name":"wp","href":"https:\/\/api.w.org\/{rel}","templated":true}]}}