{"id":1713,"date":"2017-05-09T15:19:04","date_gmt":"2017-05-09T14:19:04","guid":{"rendered":"http:\/\/www.aeirmaospassos.pt\/?page_id=1713"},"modified":"2026-03-12T13:44:51","modified_gmt":"2026-03-12T12:44:51","slug":"calendarios-exames-1a-fase","status":"publish","type":"page","link":"https:\/\/www.aeirmaospassos.pt\/?page_id=1713","title":{"rendered":"Calend\u00e1rios de Provas"},"content":{"rendered":"<p>Consulte:<\/p>\n<p>calend\u00e1rio das Provas de Aferi\u00e7\u00e3o do Ensino B\u00e1sico <a href=\"https:\/\/iave.pt\/provas-e-exames\/calendario\/\"><strong><span style=\"color: #0000ff;\">AQUI<\/span><\/strong><\/a><\/p>\n<p>&nbsp;<\/p>\n<p><img loading=\"lazy\" decoding=\"async\" class=\"alignnone wp-image-6073\" src=\"http:\/\/www.aeirmaospassos.pt\/wp-content\/uploads\/2026\/03\/Captura-de-ecra-2026-03-12-124202-300x151.png\" alt=\"\" width=\"1192\" height=\"600\" srcset=\"https:\/\/www.aeirmaospassos.pt\/wp-content\/uploads\/2026\/03\/Captura-de-ecra-2026-03-12-124202-300x151.png 300w, https:\/\/www.aeirmaospassos.pt\/wp-content\/uploads\/2026\/03\/Captura-de-ecra-2026-03-12-124202-1024x515.png 1024w, https:\/\/www.aeirmaospassos.pt\/wp-content\/uploads\/2026\/03\/Captura-de-ecra-2026-03-12-124202-768x386.png 768w, https:\/\/www.aeirmaospassos.pt\/wp-content\/uploads\/2026\/03\/Captura-de-ecra-2026-03-12-124202.png 1403w\" sizes=\"auto, (max-width: 1192px) 100vw, 1192px\" \/><\/p>\n<p>&nbsp;<\/p>\n<p>calend\u00e1rio das Provas Finais e de Equival\u00eancia \u00e0 Frequ\u00eancia<\/p>\n<p><strong>\u00a0\u00a0\u00a0\u00a0\u00a0\u00a0\u00a0 <\/strong><\/p>\n<p>&nbsp;<\/p>\n<p>&nbsp;<\/p>\n","protected":false},"excerpt":{"rendered":"<p>Consulte: calend\u00e1rio das Provas de Aferi\u00e7\u00e3o do Ensino B\u00e1sico AQUI &nbsp; &nbsp; calend\u00e1rio das Provas Finais e de Equival\u00eancia \u00e0 Frequ\u00eancia \u00a0\u00a0\u00a0\u00a0\u00a0\u00a0\u00a0 &nbsp; &nbsp;<\/p>\n","protected":false},"author":1,"featured_media":0,"parent":0,"menu_order":0,"comment_status":"closed","ping_status":"closed","template":"","meta":{"footnotes":""},"class_list":["post-1713","page","type-page","status-publish","hentry"],"_links":{"self":[{"href":"https:\/\/www.aeirmaospassos.pt\/index.php?rest_route=\/wp\/v2\/pages\/1713","targetHints":{"allow":["GET"]}}],"collection":[{"href":"https:\/\/www.aeirmaospassos.pt\/index.php?rest_route=\/wp\/v2\/pages"}],"about":[{"href":"https:\/\/www.aeirmaospassos.pt\/index.php?rest_route=\/wp\/v2\/types\/page"}],"author":[{"embeddable":true,"href":"https:\/\/www.aeirmaospassos.pt\/index.php?rest_route=\/wp\/v2\/users\/1"}],"replies":[{"embeddable":true,"href":"https:\/\/www.aeirmaospassos.pt\/index.php?rest_route=%2Fwp%2Fv2%2Fcomments&post=1713"}],"version-history":[{"count":23,"href":"https:\/\/www.aeirmaospassos.pt\/index.php?rest_route=\/wp\/v2\/pages\/1713\/revisions"}],"predecessor-version":[{"id":6075,"href":"https:\/\/www.aeirmaospassos.pt\/index.php?rest_route=\/wp\/v2\/pages\/1713\/revisions\/6075"}],"wp:attachment":[{"href":"https:\/\/www.aeirmaospassos.pt\/index.php?rest_route=%2Fwp%2Fv2%2Fmedia&parent=1713"}],"curies":[{"name":"wp","href":"https:\/\/api.w.org\/{rel}","templated":true}]}}