{"id":1701,"date":"2017-05-09T15:15:20","date_gmt":"2017-05-09T14:15:20","guid":{"rendered":"http:\/\/www.aeirmaospassos.pt\/?page_id=1701"},"modified":"2025-03-20T18:12:50","modified_gmt":"2025-03-20T17:12:50","slug":"despacho-normativo","status":"publish","type":"page","link":"https:\/\/www.aeirmaospassos.pt\/?page_id=1701","title":{"rendered":"Guia aplica\u00e7\u00e3o de Adapta\u00e7\u00f5es"},"content":{"rendered":"<blockquote><p>Consulte:<\/p>\n<p><strong><span style=\"color: #0000ff;\"><a style=\"color: #0000ff;\" href=\"http:\/\/www.aeirmaospassos.pt\/wp-content\/uploads\/2025\/03\/guia_das_adaptacoes_2025_3mar.pdf\">Guia_das_adaptac\u00f5es_2025<\/a><\/span><\/strong><\/p><\/blockquote>\n","protected":false},"excerpt":{"rendered":"<p>Consulte: Guia_das_adaptac\u00f5es_2025<\/p>\n","protected":false},"author":1,"featured_media":0,"parent":0,"menu_order":0,"comment_status":"closed","ping_status":"closed","template":"","meta":{"footnotes":""},"class_list":["post-1701","page","type-page","status-publish","hentry"],"_links":{"self":[{"href":"https:\/\/www.aeirmaospassos.pt\/index.php?rest_route=\/wp\/v2\/pages\/1701","targetHints":{"allow":["GET"]}}],"collection":[{"href":"https:\/\/www.aeirmaospassos.pt\/index.php?rest_route=\/wp\/v2\/pages"}],"about":[{"href":"https:\/\/www.aeirmaospassos.pt\/index.php?rest_route=\/wp\/v2\/types\/page"}],"author":[{"embeddable":true,"href":"https:\/\/www.aeirmaospassos.pt\/index.php?rest_route=\/wp\/v2\/users\/1"}],"replies":[{"embeddable":true,"href":"https:\/\/www.aeirmaospassos.pt\/index.php?rest_route=%2Fwp%2Fv2%2Fcomments&post=1701"}],"version-history":[{"count":13,"href":"https:\/\/www.aeirmaospassos.pt\/index.php?rest_route=\/wp\/v2\/pages\/1701\/revisions"}],"predecessor-version":[{"id":5750,"href":"https:\/\/www.aeirmaospassos.pt\/index.php?rest_route=\/wp\/v2\/pages\/1701\/revisions\/5750"}],"wp:attachment":[{"href":"https:\/\/www.aeirmaospassos.pt\/index.php?rest_route=%2Fwp%2Fv2%2Fmedia&parent=1701"}],"curies":[{"name":"wp","href":"https:\/\/api.w.org\/{rel}","templated":true}]}}