{"id":1697,"date":"2017-05-09T15:14:25","date_gmt":"2017-05-09T14:14:25","guid":{"rendered":"http:\/\/www.aeirmaospassos.pt\/?page_id=1697"},"modified":"2024-06-11T12:51:14","modified_gmt":"2024-06-11T11:51:14","slug":"informacoes-20162017","status":"publish","type":"page","link":"https:\/\/www.aeirmaospassos.pt\/?page_id=1697","title":{"rendered":"Plataforma de Inscri\u00e7\u00e3o Eletr\u00f3nica em Provas e Exames"},"content":{"rendered":"<p><span dir=\"ltr\" role=\"presentation\">O presente documento consolida a informa\u00e7\u00e3o necess\u00e1ria \u00e0 utili<\/span><span dir=\"ltr\" role=\"presentation\">z<\/span><span dir=\"ltr\" role=\"presentation\">a\u00e7\u00e3o da aplica\u00e7\u00e3o inform\u00e1tica<\/span><br role=\"presentation\" \/><span dir=\"ltr\" role=\"presentation\">Plataforma de Inscri\u00e7\u00e3o Eletr\u00f3nica em Provas e<\/span> <span dir=\"ltr\" role=\"presentation\">Exames<\/span> <span dir=\"ltr\" role=\"presentation\">\u2013<\/span> <span dir=\"ltr\" role=\"presentation\">PIEPE<\/span> <span dir=\"ltr\" role=\"presentation\">disponibilizada a todos os alunos<\/span><br role=\"presentation\" \/><span dir=\"ltr\" role=\"presentation\">candidatos \u00e0 realiza\u00e7\u00e3o de provas e exames d<\/span><span dir=\"ltr\" role=\"presentation\">os ensinos b\u00e1sico e secund\u00e1rio, dispon\u00edvel em<\/span><br role=\"presentation\" \/><a href=\"https:\/\/jnepiepe.dge.mec.pt\"><span style=\"color: #0000ff;\"><strong>https:\/\/jnepiepe.dge.mec.pt<\/strong><\/span><\/a><\/p>\n<p>&nbsp;<\/p>\n","protected":false},"excerpt":{"rendered":"<p>O presente documento consolida a informa\u00e7\u00e3o necess\u00e1ria \u00e0 utiliza\u00e7\u00e3o da aplica\u00e7\u00e3o inform\u00e1ticaPlataforma de Inscri\u00e7\u00e3o Eletr\u00f3nica em Provas e Exames \u2013 PIEPE disponibilizada a todos os alunoscandidatos \u00e0 realiza\u00e7\u00e3o de provas e exames dos ensinos b\u00e1sico e secund\u00e1rio, dispon\u00edvel emhttps:\/\/jnepiepe.dge.mec.pt &nbsp;<\/p>\n","protected":false},"author":1,"featured_media":0,"parent":0,"menu_order":0,"comment_status":"closed","ping_status":"closed","template":"","meta":{"footnotes":""},"class_list":["post-1697","page","type-page","status-publish","hentry"],"_links":{"self":[{"href":"https:\/\/www.aeirmaospassos.pt\/index.php?rest_route=\/wp\/v2\/pages\/1697","targetHints":{"allow":["GET"]}}],"collection":[{"href":"https:\/\/www.aeirmaospassos.pt\/index.php?rest_route=\/wp\/v2\/pages"}],"about":[{"href":"https:\/\/www.aeirmaospassos.pt\/index.php?rest_route=\/wp\/v2\/types\/page"}],"author":[{"embeddable":true,"href":"https:\/\/www.aeirmaospassos.pt\/index.php?rest_route=\/wp\/v2\/users\/1"}],"replies":[{"embeddable":true,"href":"https:\/\/www.aeirmaospassos.pt\/index.php?rest_route=%2Fwp%2Fv2%2Fcomments&post=1697"}],"version-history":[{"count":31,"href":"https:\/\/www.aeirmaospassos.pt\/index.php?rest_route=\/wp\/v2\/pages\/1697\/revisions"}],"predecessor-version":[{"id":5529,"href":"https:\/\/www.aeirmaospassos.pt\/index.php?rest_route=\/wp\/v2\/pages\/1697\/revisions\/5529"}],"wp:attachment":[{"href":"https:\/\/www.aeirmaospassos.pt\/index.php?rest_route=%2Fwp%2Fv2%2Fmedia&parent=1697"}],"curies":[{"name":"wp","href":"https:\/\/api.w.org\/{rel}","templated":true}]}}