{"id":1426,"date":"2016-12-09T17:51:57","date_gmt":"2016-12-09T16:51:57","guid":{"rendered":"http:\/\/www.aeirmaospassos.pt\/?page_id=1426"},"modified":"2022-10-24T11:20:56","modified_gmt":"2022-10-24T10:20:56","slug":"clube-de-cinema","status":"publish","type":"page","link":"https:\/\/www.aeirmaospassos.pt\/?page_id=1426","title":{"rendered":"Imaginar e ReCriar"},"content":{"rendered":"<p>&nbsp;<\/p>\n<p>&nbsp;<\/p>\n<p><img loading=\"lazy\" decoding=\"async\" class=\" wp-image-4558 aligncenter\" src=\"http:\/\/www.aeirmaospassos.pt\/wp-content\/uploads\/2021\/11\/aa-294x300.jpg\" alt=\"\" width=\"638\" height=\"651\" srcset=\"https:\/\/www.aeirmaospassos.pt\/wp-content\/uploads\/2021\/11\/aa-294x300.jpg 294w, https:\/\/www.aeirmaospassos.pt\/wp-content\/uploads\/2021\/11\/aa.jpg 554w\" sizes=\"auto, (max-width: 638px) 100vw, 638px\" \/><\/p>\n<p>Este Clube foi criado com o objetivo primordial de abrir um espa\u00e7o onde os alunos tenham a possibilidade de aprender a preservar o ambiente no dia a dia e a realizar uma integra\u00e7\u00e3o de saberes te\u00f3rico-pr\u00e1ticos que lhes permita crescer como pessoas e como cidad\u00e3os com consci\u00eancia do seus deveres c\u00edvicos.<\/p>\n<p><strong>TU PODES FAZER A DIFEREN\u00c7A!<\/strong><\/p>\n<p><strong>VEM FAZER PARTE DESTE CLUBE QUE INVESTE NO FUTURO DO NOSSO PLANETA!<\/strong><\/p>\n<p><strong>INSCREVE-TE<\/strong><\/p>\n<p><strong>\u00a0<\/strong>As ATIVIDADES do CLUBE s\u00e3o essencialmente a reciclagem de papel usado e a reutiliza\u00e7\u00e3o de v\u00e1rios materiais (embalagens de pl\u00e1stico, embalagens de metal, embalagens de cart\u00e3o, cartolinas, madeiras, e outros) na elabora\u00e7\u00e3o de novos objetos com base na Criatividade e Imagina\u00e7\u00e3o dos alunos. Haver\u00e1 sempre uma Exposi\u00e7\u00e3o para apresentar \u00e0 escola os trabalhos realizados. No final, todos os alunos poder\u00e3o levar para casa os trabalhos executados.<\/p>\n<p><strong>Informa-te junto do\/a Diretor\/a de Turma<\/strong><\/p>\n<p>Funcionamento do Clube 2022-2023:<br \/>\nEscola B\u00e1sica de Custoias<br \/>\nSala 2.2<\/p>\n<p>Podes inscrever-te num hor\u00e1rio ou mais do que um, com tr\u00eas hor\u00e1rios \u00e0 escolha:<\/p>\n<p>2a Feira das 12:00 \u2013 12:50<br \/>\n3a Feira das 12:00 \u2013 12:50<br \/>\n5a Feira das 12:00 \u2013 12:50<\/p>\n<p><img loading=\"lazy\" decoding=\"async\" class=\" wp-image-5118 aligncenter\" src=\"http:\/\/www.aeirmaospassos.pt\/wp-content\/uploads\/2022\/10\/Captura-de-ecra-2022-10-24-111854-300x284.png\" alt=\"\" width=\"691\" height=\"654\" srcset=\"https:\/\/www.aeirmaospassos.pt\/wp-content\/uploads\/2022\/10\/Captura-de-ecra-2022-10-24-111854-300x284.png 300w, https:\/\/www.aeirmaospassos.pt\/wp-content\/uploads\/2022\/10\/Captura-de-ecra-2022-10-24-111854.png 740w\" sizes=\"auto, (max-width: 691px) 100vw, 691px\" \/><\/p>\n","protected":false},"excerpt":{"rendered":"<p>&nbsp; &nbsp; Este Clube foi criado com o objetivo primordial de abrir um espa\u00e7o onde os alunos tenham a possibilidade de aprender a preservar o ambiente no dia a dia e a realizar uma integra\u00e7\u00e3o de saberes te\u00f3rico-pr\u00e1ticos que lhes&#8230;<\/p>\n","protected":false},"author":1,"featured_media":0,"parent":30,"menu_order":0,"comment_status":"closed","ping_status":"closed","template":"","meta":{"footnotes":""},"class_list":["post-1426","page","type-page","status-publish","hentry"],"_links":{"self":[{"href":"https:\/\/www.aeirmaospassos.pt\/index.php?rest_route=\/wp\/v2\/pages\/1426","targetHints":{"allow":["GET"]}}],"collection":[{"href":"https:\/\/www.aeirmaospassos.pt\/index.php?rest_route=\/wp\/v2\/pages"}],"about":[{"href":"https:\/\/www.aeirmaospassos.pt\/index.php?rest_route=\/wp\/v2\/types\/page"}],"author":[{"embeddable":true,"href":"https:\/\/www.aeirmaospassos.pt\/index.php?rest_route=\/wp\/v2\/users\/1"}],"replies":[{"embeddable":true,"href":"https:\/\/www.aeirmaospassos.pt\/index.php?rest_route=%2Fwp%2Fv2%2Fcomments&post=1426"}],"version-history":[{"count":7,"href":"https:\/\/www.aeirmaospassos.pt\/index.php?rest_route=\/wp\/v2\/pages\/1426\/revisions"}],"predecessor-version":[{"id":5119,"href":"https:\/\/www.aeirmaospassos.pt\/index.php?rest_route=\/wp\/v2\/pages\/1426\/revisions\/5119"}],"up":[{"embeddable":true,"href":"https:\/\/www.aeirmaospassos.pt\/index.php?rest_route=\/wp\/v2\/pages\/30"}],"wp:attachment":[{"href":"https:\/\/www.aeirmaospassos.pt\/index.php?rest_route=%2Fwp%2Fv2%2Fmedia&parent=1426"}],"curies":[{"name":"wp","href":"https:\/\/api.w.org\/{rel}","templated":true}]}}