{"id":1309,"date":"2016-11-28T13:20:45","date_gmt":"2016-11-28T12:20:45","guid":{"rendered":"http:\/\/188.93.230.140\/~aeirmaos\/?page_id=1309"},"modified":"2025-02-24T11:35:10","modified_gmt":"2025-02-24T10:35:10","slug":"departamento-do-1o-ciclo","status":"publish","type":"page","link":"https:\/\/www.aeirmaospassos.pt\/?page_id=1309","title":{"rendered":"Departamento do 1\u00ba Ciclo"},"content":{"rendered":"<p>&nbsp;<\/p>\n<blockquote><p><em>A alegria n\u00e3o chega apenas no encontro do achado, mas faz parte do processo da busca. Ensinar e aprender n\u00e3o pode dar-se fora da procura, fora da boniteza e da alegria.<\/em><\/p>\n<p style=\"text-align: right;\"><em>Freire, Paulo<\/em><\/p>\n<\/blockquote>\n<p><strong>Subcoordenadores dos grupos de ano:<\/strong><\/p>\n<p>Isabel Pinto \u2013 Grupo do 1.\u00b0ano<\/p>\n<p>Sandra Magno\u2013 Grupo do 2.\u00b0ano<\/p>\n<p>Gra\u00e7a Antunes \u2013 Grupo do 3.\u00b0ano<\/p>\n<p>Helena Correia \u2013 Grupo do 4.\u00b0ano<\/p>\n<p>C\u00e2ndida Borges \u2013 <strong>Coordenadora de Departamento <\/strong><\/p>\n<p style=\"text-align: justify;\">As diferentes correntes pedag\u00f3gicas convergem quando se focalizam nas \u201cexperi\u00eancias de aprendizagem\u201d. S\u00e3o un\u00e2nimes ao mencionarem que devem ser ativas, significativas, diversificadas, integradas e socializadoras. \u00c9 pois fundamental estimular nos alunos o desenvolvimento de compet\u00eancias que lhes possibilitem a aprendizagem do <em>saber fazer.<\/em> Transmitir confian\u00e7a, ajud\u00e1-los a expressar emo\u00e7\u00f5es, torna as crian\u00e7as mais aptas a enfrentar desassossegos que as confundem e nos atordoam. Necessitamos de as conhecer, de as cativar&#8230;<\/p>\n<p><em>\u00a0S\u00f3 conhecemos o que cativamos.<\/em><\/p>\n<blockquote>\n<p style=\"text-align: right;\"><em>Saint-Exup\u00e9ry, Antoine<\/em><\/p>\n<\/blockquote>\n<blockquote><p><em>\u00c9 necess\u00e1rio que em cada escola existam \u201c\u00e1rvores de abra\u00e7os\u201d fortes, resistentes, inesquec\u00edveis, que conhe\u00e7am os que a rodeiam, que se renovem em cada primavera e abracem quem delas precisem.<\/em><\/p>\n<p style=\"text-align: right;\"><em>Letria, Jos\u00e9 Jorge<\/em><\/p>\n<p><img loading=\"lazy\" decoding=\"async\" class=\"size-full wp-image-1508 alignright\" src=\"\/wp-content\/uploads\/2016\/11\/1ciclo.png\" alt=\"\" width=\"163\" height=\"177\" \/><\/p><\/blockquote>\n","protected":false},"excerpt":{"rendered":"<p>&nbsp; A alegria n\u00e3o chega apenas no encontro do achado, mas faz parte do processo da busca. Ensinar e aprender n\u00e3o pode dar-se fora da procura, fora da boniteza e da alegria. Freire, Paulo Subcoordenadores dos grupos de ano: Isabel&#8230;<\/p>\n","protected":false},"author":1,"featured_media":0,"parent":352,"menu_order":0,"comment_status":"closed","ping_status":"closed","template":"","meta":{"footnotes":""},"class_list":["post-1309","page","type-page","status-publish","hentry"],"_links":{"self":[{"href":"https:\/\/www.aeirmaospassos.pt\/index.php?rest_route=\/wp\/v2\/pages\/1309","targetHints":{"allow":["GET"]}}],"collection":[{"href":"https:\/\/www.aeirmaospassos.pt\/index.php?rest_route=\/wp\/v2\/pages"}],"about":[{"href":"https:\/\/www.aeirmaospassos.pt\/index.php?rest_route=\/wp\/v2\/types\/page"}],"author":[{"embeddable":true,"href":"https:\/\/www.aeirmaospassos.pt\/index.php?rest_route=\/wp\/v2\/users\/1"}],"replies":[{"embeddable":true,"href":"https:\/\/www.aeirmaospassos.pt\/index.php?rest_route=%2Fwp%2Fv2%2Fcomments&post=1309"}],"version-history":[{"count":11,"href":"https:\/\/www.aeirmaospassos.pt\/index.php?rest_route=\/wp\/v2\/pages\/1309\/revisions"}],"predecessor-version":[{"id":5722,"href":"https:\/\/www.aeirmaospassos.pt\/index.php?rest_route=\/wp\/v2\/pages\/1309\/revisions\/5722"}],"up":[{"embeddable":true,"href":"https:\/\/www.aeirmaospassos.pt\/index.php?rest_route=\/wp\/v2\/pages\/352"}],"wp:attachment":[{"href":"https:\/\/www.aeirmaospassos.pt\/index.php?rest_route=%2Fwp%2Fv2%2Fmedia&parent=1309"}],"curies":[{"name":"wp","href":"https:\/\/api.w.org\/{rel}","templated":true}]}}