{"id":1307,"date":"2016-11-28T13:02:16","date_gmt":"2016-11-28T12:02:16","guid":{"rendered":"http:\/\/188.93.230.140\/~aeirmaos\/?page_id=1307"},"modified":"2018-12-18T19:20:15","modified_gmt":"2018-12-18T18:20:15","slug":"departamento-educacao-pre-escolar","status":"publish","type":"page","link":"https:\/\/www.aeirmaospassos.pt\/?page_id=1307","title":{"rendered":"Departamento Educa\u00e7\u00e3o Pr\u00e9-Escolar"},"content":{"rendered":"<div style=\"text-align: justify;\">\n<p class=\"p1\"><span class=\"s1\">A Educa\u00e7\u00e3o Pr\u00e9-Escolar tem um papel muito importante na forma\u00e7\u00e3o das crian\u00e7as, pelo que, deve contribuir para que sejam cidad\u00e3os capazes de enfrentar os seus problemas e darem uma resposta baseada no exerc\u00edcio de todas as suas potencialidades.\u00a0 \u00c9 fundamental que o jardim de inf\u00e2ncia forne\u00e7a instrumentos que lhe possibilitem compreender o que a rodeia.<\/span><\/p>\n<p class=\"p1\"><span class=\"s1\">A Reforma Educativa e o conceito de educa\u00e7\u00e3o que lhe subjaz apontam para educadores comprometidos com a mudan\u00e7a e a inova\u00e7\u00e3o, exigindo-nos uma atitude investigativa e autoformativa. Ao adotarmos esta atitude poderemos conhecer e compreender melhor os contextos reais, agir em conformidade e, assim, contribuir para uma verdadeira mudan\u00e7a.<\/span><\/p>\n<\/div>\n<blockquote>\n<p class=\"p1\" style=\"text-align: right;\"><strong><span class=\"s1\">&#8220;Educar \u00e9 semear com sabedoria e colher com paci\u00eancia&#8221; <\/span><\/strong><\/p>\n<p class=\"p1\" style=\"text-align: right;\"><span class=\"s1\">Augusto Cury<\/span><\/p>\n<\/blockquote>\n<p><strong>Coordenadora &#8211;<\/strong> F\u00e1tima Fonseca<\/p>\n","protected":false},"excerpt":{"rendered":"<p>A Educa\u00e7\u00e3o Pr\u00e9-Escolar tem um papel muito importante na forma\u00e7\u00e3o das crian\u00e7as, pelo que, deve contribuir para que sejam cidad\u00e3os capazes de enfrentar os seus problemas e darem uma resposta baseada no exerc\u00edcio de todas as suas potencialidades.\u00a0 \u00c9 fundamental&#8230;<\/p>\n","protected":false},"author":1,"featured_media":0,"parent":352,"menu_order":0,"comment_status":"closed","ping_status":"closed","template":"","meta":{"footnotes":""},"class_list":["post-1307","page","type-page","status-publish","hentry"],"_links":{"self":[{"href":"https:\/\/www.aeirmaospassos.pt\/index.php?rest_route=\/wp\/v2\/pages\/1307","targetHints":{"allow":["GET"]}}],"collection":[{"href":"https:\/\/www.aeirmaospassos.pt\/index.php?rest_route=\/wp\/v2\/pages"}],"about":[{"href":"https:\/\/www.aeirmaospassos.pt\/index.php?rest_route=\/wp\/v2\/types\/page"}],"author":[{"embeddable":true,"href":"https:\/\/www.aeirmaospassos.pt\/index.php?rest_route=\/wp\/v2\/users\/1"}],"replies":[{"embeddable":true,"href":"https:\/\/www.aeirmaospassos.pt\/index.php?rest_route=%2Fwp%2Fv2%2Fcomments&post=1307"}],"version-history":[{"count":5,"href":"https:\/\/www.aeirmaospassos.pt\/index.php?rest_route=\/wp\/v2\/pages\/1307\/revisions"}],"predecessor-version":[{"id":2865,"href":"https:\/\/www.aeirmaospassos.pt\/index.php?rest_route=\/wp\/v2\/pages\/1307\/revisions\/2865"}],"up":[{"embeddable":true,"href":"https:\/\/www.aeirmaospassos.pt\/index.php?rest_route=\/wp\/v2\/pages\/352"}],"wp:attachment":[{"href":"https:\/\/www.aeirmaospassos.pt\/index.php?rest_route=%2Fwp%2Fv2%2Fmedia&parent=1307"}],"curies":[{"name":"wp","href":"https:\/\/api.w.org\/{rel}","templated":true}]}}