{"id":105,"date":"2016-08-19T14:47:41","date_gmt":"2016-08-19T14:47:41","guid":{"rendered":"\/?page_id=105"},"modified":"2018-02-27T23:39:05","modified_gmt":"2018-02-27T22:39:05","slug":"quem-somos","status":"publish","type":"page","link":"https:\/\/www.aeirmaospassos.pt\/?page_id=105","title":{"rendered":"Quem Somos"},"content":{"rendered":"<p class=\"p1\" style=\"text-align: justify;\">O Agrupamento de Escolas Irm\u00e3os Passos resulta da agrega\u00e7\u00e3o, em julho de 2012, do Agrupamento de Escolas Irm\u00e3os Passos, Guif\u00f5es, e do Agrupamento de Escolas de Custoias.<\/p>\n<p class=\"p1\" style=\"text-align: justify;\"><span class=\"s1\">O Agrupamento integra todas as escolas b\u00e1sicas (do 1\u00ba ao 3\u00ba Ciclo) e jardins-de-inf\u00e2ncia das freguesias de Custoias e de Guif\u00f5es, do concelho de Matosinhos. A popula\u00e7\u00e3o escolar que frequenta o Agrupamento \u00e9 composta por cerca de 2300 crian\u00e7as\/alunos, distribu\u00eddos pela Educa\u00e7\u00e3o Pr\u00e9-Escolar, pelos tr\u00eas ciclos do ensino b\u00e1sico regular e de Cursos Vocacionais.<\/span><\/p>\n<p class=\"p1\" style=\"text-align: justify;\"><span class=\"s1\">As freguesias de Custoias e Guif\u00f5es, ambas elevadas \u00e0 categoria de vila, integram o concelho de Matosinhos e assumem no mesmo uma posi\u00e7\u00e3o interior. Confrontam com v\u00e1rias outras freguesias do concelho, a saber: Le\u00e7a do Balio, S. Mamede Infesta, Senhora da Hora, Matosinhos, Santa Cruz do Bispo e Le\u00e7a da Palmeira.<\/span><\/p>\n<hr>\n<h2>Vis\u00e3o<\/h2>\n<p style=\"text-align: justify;\">O regime de autonomia, administra\u00e7\u00e3o e gest\u00e3o das escolas e agrupamentos de escolas aprovado pelo Decreto-lei n.\u00ba 75\/2008, de 22 de Abril, republicado pelo Decreto-lei n.\u00ba 137\/2012, de 2 de julho, estabelece um conjunto de regras fundamentais comuns a que deve obedecer a administra\u00e7\u00e3o e gest\u00e3o das institui\u00e7\u00f5es escolares, reconhecendo como indispens\u00e1vel para a melhoria da qualidade do servi\u00e7o p\u00fablico de educa\u00e7\u00e3o o refor\u00e7o da participa\u00e7\u00e3o das fam\u00edlias e comunidades na dire\u00e7\u00e3o estrat\u00e9gica dos estabelecimentos de ensino, o favorecimento da constitui\u00e7\u00e3o de lideran\u00e7as fortes e o refor\u00e7o da autonomia de forma a permitir a constru\u00e7\u00e3o de solu\u00e7\u00f5es organizativas suscet\u00edveis de responderem \u00e0s especificidades e particularidades da comunidade em que cada uma delas est\u00e1 integrada.<\/p>\n<p style=\"text-align: justify;\">Ser reconhecidos como uma institui\u00e7\u00e3o de refer\u00eancia na comunidade, pela excel\u00eancia das suas pr\u00e1ticas e pelo seu contributo para a forma\u00e7\u00e3o de pessoas respons\u00e1veis,&nbsp;aut\u00f3nomas, solid\u00e1rias, que conhecem e exercem os seus direitos e deveres em di\u00e1logo e no respeito pelos outros, com esp\u00edrito democr\u00e1tico, pluralista, cr\u00edtico e criativo.<\/p>\n","protected":false},"excerpt":{"rendered":"<p>O Agrupamento de Escolas Irm\u00e3os Passos resulta da agrega\u00e7\u00e3o, em julho de 2012, do Agrupamento de Escolas Irm\u00e3os Passos, Guif\u00f5es, e do Agrupamento de Escolas de Custoias. O Agrupamento integra todas as escolas b\u00e1sicas (do 1\u00ba ao 3\u00ba Ciclo) e&#8230;<\/p>\n","protected":false},"author":1,"featured_media":0,"parent":2,"menu_order":0,"comment_status":"closed","ping_status":"closed","template":"","meta":{"footnotes":""},"class_list":["post-105","page","type-page","status-publish","hentry"],"_links":{"self":[{"href":"https:\/\/www.aeirmaospassos.pt\/index.php?rest_route=\/wp\/v2\/pages\/105","targetHints":{"allow":["GET"]}}],"collection":[{"href":"https:\/\/www.aeirmaospassos.pt\/index.php?rest_route=\/wp\/v2\/pages"}],"about":[{"href":"https:\/\/www.aeirmaospassos.pt\/index.php?rest_route=\/wp\/v2\/types\/page"}],"author":[{"embeddable":true,"href":"https:\/\/www.aeirmaospassos.pt\/index.php?rest_route=\/wp\/v2\/users\/1"}],"replies":[{"embeddable":true,"href":"https:\/\/www.aeirmaospassos.pt\/index.php?rest_route=%2Fwp%2Fv2%2Fcomments&post=105"}],"version-history":[{"count":10,"href":"https:\/\/www.aeirmaospassos.pt\/index.php?rest_route=\/wp\/v2\/pages\/105\/revisions"}],"predecessor-version":[{"id":2382,"href":"https:\/\/www.aeirmaospassos.pt\/index.php?rest_route=\/wp\/v2\/pages\/105\/revisions\/2382"}],"up":[{"embeddable":true,"href":"https:\/\/www.aeirmaospassos.pt\/index.php?rest_route=\/wp\/v2\/pages\/2"}],"wp:attachment":[{"href":"https:\/\/www.aeirmaospassos.pt\/index.php?rest_route=%2Fwp%2Fv2%2Fmedia&parent=105"}],"curies":[{"name":"wp","href":"https:\/\/api.w.org\/{rel}","templated":true}]}}