{"id":415,"date":"2016-09-05T11:13:25","date_gmt":"2016-09-05T11:13:25","guid":{"rendered":"\/?page_id=415"},"modified":"2018-02-27T23:42:16","modified_gmt":"2018-02-27T22:42:16","slug":"plano-nacional-de-leitura","status":"publish","type":"page","link":"https:\/\/www.aeirmaospassos.pt\/?page_id=415","title":{"rendered":"Plano Nacional de Leitura"},"content":{"rendered":"<p><a href=\"http:\/\/www.planonacionaldeleitura.gov.pt\/\" target=\"_blank\"><img loading=\"lazy\" decoding=\"async\" class=\"size-full wp-image-467 alignleft\" src=\"wp-content\/uploads\/2016\/09\/pnl.png\" alt=\"Plano Nacional de Leitura\" width=\"325\" height=\"251\" \/><\/a><\/p>\n<p class=\"p1\"><span class=\"s1\">O PNL &#8211; plano nacional de leitura &#8211; tem como objetivo central elevar os n\u00edveis de literacia dos portugueses e colocar o pa\u00eds a par dos nossos parceiros europeus.<\/span><\/p>\n<p class=\"p1\"><span class=\"s1\">Destina-se a criar condi\u00e7\u00f5es para que os portugueses possam alcan\u00e7ar n\u00edveis de leitura em que se sintam plenamente aptos a lidar com a palavra escrita, em qualquer circunst\u00e2ncia da vida, possam interpretar a informa\u00e7\u00e3o disponibilizada pela comunica\u00e7\u00e3o social, aceder aos conhecimentos da Ci\u00eancia e desfrutar as grandes obras da Literatura.<\/span><\/p>\n<p class=\"p2\"><span class=\"s1\">\u00a0<\/span><\/p>\n<p class=\"p3\">\n<p class=\"p3\">\n<p class=\"p3\"><span class=\"s1\"><strong>Coordena\u00e7\u00e3o:<\/strong>\u00a0Prof\u00aa. Ot\u00edlia Cancela<span class=\"s2\">\u00a0<\/span><\/span><\/p>\n","protected":false},"excerpt":{"rendered":"<p>O PNL &#8211; plano nacional de leitura &#8211; tem como objetivo central elevar os n\u00edveis de literacia dos portugueses e colocar o pa\u00eds a par dos nossos parceiros europeus. Destina-se a criar condi\u00e7\u00f5es para que os portugueses possam alcan\u00e7ar n\u00edveis&#8230;<\/p>\n","protected":false},"author":1,"featured_media":0,"parent":30,"menu_order":0,"comment_status":"closed","ping_status":"closed","template":"","meta":{"footnotes":""},"class_list":["post-415","page","type-page","status-publish","hentry"],"_links":{"self":[{"href":"https:\/\/www.aeirmaospassos.pt\/index.php?rest_route=\/wp\/v2\/pages\/415","targetHints":{"allow":["GET"]}}],"collection":[{"href":"https:\/\/www.aeirmaospassos.pt\/index.php?rest_route=\/wp\/v2\/pages"}],"about":[{"href":"https:\/\/www.aeirmaospassos.pt\/index.php?rest_route=\/wp\/v2\/types\/page"}],"author":[{"embeddable":true,"href":"https:\/\/www.aeirmaospassos.pt\/index.php?rest_route=\/wp\/v2\/users\/1"}],"replies":[{"embeddable":true,"href":"https:\/\/www.aeirmaospassos.pt\/index.php?rest_route=%2Fwp%2Fv2%2Fcomments&post=415"}],"version-history":[{"count":8,"href":"https:\/\/www.aeirmaospassos.pt\/index.php?rest_route=\/wp\/v2\/pages\/415\/revisions"}],"predecessor-version":[{"id":2404,"href":"https:\/\/www.aeirmaospassos.pt\/index.php?rest_route=\/wp\/v2\/pages\/415\/revisions\/2404"}],"up":[{"embeddable":true,"href":"https:\/\/www.aeirmaospassos.pt\/index.php?rest_route=\/wp\/v2\/pages\/30"}],"wp:attachment":[{"href":"https:\/\/www.aeirmaospassos.pt\/index.php?rest_route=%2Fwp%2Fv2%2Fmedia&parent=415"}],"curies":[{"name":"wp","href":"https:\/\/api.w.org\/{rel}","templated":true}]}}