{"id":1201,"date":"2016-11-23T13:31:34","date_gmt":"2016-11-23T12:31:34","guid":{"rendered":"http:\/\/188.93.230.140\/~aeirmaos\/?page_id=1201"},"modified":"2025-11-12T12:37:52","modified_gmt":"2025-11-12T11:37:52","slug":"criterios-gerais-de-avaliacao","status":"publish","type":"page","link":"https:\/\/www.aeirmaospassos.pt\/?page_id=1201","title":{"rendered":"Crit\u00e9rios Gerais de Avalia\u00e7\u00e3o"},"content":{"rendered":"<p>Consulte:<\/p>\n<p><span style=\"color: #0000ff;\"><strong><a href=\"http:\/\/www.aeirmaospassos.pt\/wp-content\/uploads\/2025\/11\/CRITERIOS-GERAIS-AVALIACAO_2025_2026-AEIP.pdf\"><span style=\"color: #0000ff;\">CRIT\u00c9RIOS GERAIS AVALIA\u00c7\u00c3O_2025_2026<\/span> <\/a><\/strong><\/span><\/p>\n","protected":false},"excerpt":{"rendered":"<p>Consulte: CRIT\u00c9RIOS GERAIS AVALIA\u00c7\u00c3O_2025_2026<\/p>\n","protected":false},"author":1,"featured_media":0,"parent":18,"menu_order":0,"comment_status":"closed","ping_status":"closed","template":"","meta":{"footnotes":""},"class_list":["post-1201","page","type-page","status-publish","hentry"],"_links":{"self":[{"href":"https:\/\/www.aeirmaospassos.pt\/index.php?rest_route=\/wp\/v2\/pages\/1201","targetHints":{"allow":["GET"]}}],"collection":[{"href":"https:\/\/www.aeirmaospassos.pt\/index.php?rest_route=\/wp\/v2\/pages"}],"about":[{"href":"https:\/\/www.aeirmaospassos.pt\/index.php?rest_route=\/wp\/v2\/types\/page"}],"author":[{"embeddable":true,"href":"https:\/\/www.aeirmaospassos.pt\/index.php?rest_route=\/wp\/v2\/users\/1"}],"replies":[{"embeddable":true,"href":"https:\/\/www.aeirmaospassos.pt\/index.php?rest_route=%2Fwp%2Fv2%2Fcomments&post=1201"}],"version-history":[{"count":26,"href":"https:\/\/www.aeirmaospassos.pt\/index.php?rest_route=\/wp\/v2\/pages\/1201\/revisions"}],"predecessor-version":[{"id":5978,"href":"https:\/\/www.aeirmaospassos.pt\/index.php?rest_route=\/wp\/v2\/pages\/1201\/revisions\/5978"}],"up":[{"embeddable":true,"href":"https:\/\/www.aeirmaospassos.pt\/index.php?rest_route=\/wp\/v2\/pages\/18"}],"wp:attachment":[{"href":"https:\/\/www.aeirmaospassos.pt\/index.php?rest_route=%2Fwp%2Fv2%2Fmedia&parent=1201"}],"curies":[{"name":"wp","href":"https:\/\/api.w.org\/{rel}","templated":true}]}}